{"id":1432,"date":"2020-06-15T15:06:49","date_gmt":"2020-06-15T13:06:49","guid":{"rendered":"https:\/\/hu.andersen.com\/?page_id=1432"},"modified":"2025-06-19T12:34:48","modified_gmt":"2025-06-19T10:34:48","slug":"rolunk","status":"publish","type":"page","link":"https:\/\/hu.andersen.com\/hu\/rolunk\/","title":{"rendered":"R\u00f3lunk"},"content":{"rendered":"\n<p>Az Andersen Magyarorsz\u00e1g egy budapesti sz\u00e9khely\u0171 ad\u00f3tan\u00e1csad\u00f3- \u00e9s \u00fcgyv\u00e9di iroda, amely a Szab\u00f3, Kelemen \u00e9s T\u00e1rsai \u00fcgyv\u00e9di iroda \u00e9s az OrienTax Ad\u00f3tan\u00e1csad\u00f3 Zrt. kombin\u00e1ci\u00f3j\u00e1val j\u00f6tt l\u00e9tre 2020-ban. Az Andersen Magyarorsz\u00e1g a k\u00fcl\u00f6nb\u00f6z\u0151 ipar\u00e1gakb\u00f3l t\u00f6bb mint 800 \u00fcgyfelet szolg\u00e1l ki, ide\u00e9rtve az energiaipart, a gy\u00f3gyszeripart, a p\u00e9nz\u00fcgyi \u00e9s banki szektort, a telekommunik\u00e1ci\u00f3t, az IT szektort, a m\u00e9di\u00e1t \u00e9s a sz\u00f3rakoztat\u00f3ipart. Az Andersen Magyarorsz\u00e1g jelenleg az \u00f6t\u00f6dik legnagyobb ad\u00f3- \u00e9s jogi tan\u00e1csad\u00f3 iroda Magyarorsz\u00e1gon (a Big4 c\u00e9gek ut\u00e1n).<\/p>\n\n\n\n<p>Az Andersen Magyarorsz\u00e1g ad\u00f3 \u00e9s jogi tan\u00e1csad\u00f3 csapata t\u00f6bb mint 100 ad\u00f3z\u00e1si szakemberb\u0151l \u00e9s \u00fcgyv\u00e9db\u0151l \u00e1ll. Sz\u00e1mos szak\u00e9rt\u0151nk a Big4-n\u00e1l illetve nemzetk\u00f6zi \u00fcgyv\u00e9di irod\u00e1kban szerzett tapasztalatot.<\/p>\n\n\n\n<p>Ad\u00f3\u00fcgyekben egyed\u00fcl\u00e1ll\u00f3 tapasztalattal \u00e9s szak\u00e9rtelemmel rendelkez\u00fcnk a m\u00e9dia- \u00e9s sz\u00f3rakoztat\u00f3iparban, valamint r\u00e9g\u00f3ta fenn\u00e1ll\u00f3 \u00fcgyf\u00e9lkapcsolataink vannak az energia-, ingatlan-, banki, turisztikai \u00e9s gy\u00f3gyszeripari szektorban m\u0171k\u00f6d\u0151 t\u00e1rsas\u00e1gokkal. Szolg\u00e1ltat\u00e1saink sz\u00e9les sk\u00e1l\u00e1n mozognak, a komplex ad\u00f3tervez\u00e9st\u0151l, a napi ad\u00f3\u00fcgyekkel \u00f6sszef\u00fcgg\u0151 szolg\u00e1ltat\u00e1sokon \u00e1t az ad\u00f3-\u00e1tvil\u00e1g\u00edt\u00e1sig. Az ad\u00f3tan\u00e1csad\u00e1si szolg\u00e1ltat\u00e1sainkkal kapcsolatos tov\u00e1bbi inform\u00e1ci\u00f3 az <a href=\"https:\/\/hu.andersen.com\/hu\/adotanacsadas\/\" target=\"_blank\" rel=\"noreferrer noopener\"><span style=\"color:#ab0e1e\" class=\"has-inline-color\"><strong>Ad\u00f3tan\u00e1csad\u00e1s<\/strong> <\/span><\/a>men\u00fcben tal\u00e1lhat\u00f3. \u00dcgyf\u00e9lk\u00f6zpont\u00fa hozz\u00e1\u00e1ll\u00e1sunk, kiemelked\u0151 szakmai ismereteink \u00e9s probl\u00e9mamegold\u00f3 k\u00e9szs\u00e9geink biztos\u00edtj\u00e1k, hogy \u00fcgyfeleink magas sz\u00ednvonal\u00fa szolg\u00e1ltat\u00e1sban r\u00e9szes\u00fcljenek.<\/p>\n\n\n\n<p>Jogi szempontb\u00f3l szakter\u00fcleteink k\u00f6z\u00e9 tartoznak a t\u00e1rsas\u00e1gi \u00e9s gazdas\u00e1gi jog k\u00fcl\u00f6nb\u00f6z\u0151 ter\u00fcletei, a banki \u00e9s p\u00e9nz\u00fcgyi jog, a peres \u00fcgyek \u00e9s az ingatlan\u00fcgyek, valamint a jogi tan\u00e1csad\u00e1si szolg\u00e1ltat\u00e1sok k\u00fcl\u00f6nb\u00f6z\u0151 ipar\u00e1gakban. A jogi szolg\u00e1ltat\u00e1sokkal kapcsolatos tov\u00e1bbi inform\u00e1ci\u00f3 a <strong><a href=\"https:\/\/hu.andersenlegal.com\/hu\/jogi-szolgaltatasok\/\" target=\"_blank\" rel=\"noreferrer noopener\"><span style=\"color:#ab0e1e\" class=\"has-inline-color\">Jogi szolg\u00e1ltat\u00e1sok<\/span><\/a><\/strong> men\u00fcben tal\u00e1lhat\u00f3.<\/p>\n","protected":false},"excerpt":{"rendered":"<\/p>\n","protected":false},"author":103,"featured_media":2103,"parent":0,"menu_order":0,"comment_status":"closed","ping_status":"closed","template":"templates\/page_inner_services.php","meta":{"_acf_changed":false,"_genesis_hide_title":false,"_genesis_hide_breadcrumbs":false,"_genesis_hide_singular_image":false,"_genesis_hide_footer_widgets":false,"_genesis_custom_body_class":"","_genesis_custom_post_class":"","_genesis_layout":"","footnotes":""},"class_list":{"0":"post-1432","1":"page","2":"type-page","3":"status-publish","4":"has-post-thumbnail","6":"entry"},"acf":[],"featured_image_src":"https:\/\/hu.andersen.com\/wp-content\/uploads\/2020\/06\/02-about-us-new-v2.jpg","yoast_head":"<!-- This site is optimized with the Yoast SEO Premium plugin v27.4 (Yoast SEO v27.4) - https:\/\/yoast.com\/product\/yoast-seo-premium-wordpress\/ -->\n<title>T\u00f6rt\u00e9net\u00fcnk \u00e9s bemutatkoz\u00f3nk - Andersen Magyarorsz\u00e1g<\/title>\n<meta name=\"description\" content=\"Az Andersen k\u00fcl\u00f6nb\u00f6z\u0151 ipar\u00e1gakb\u00f3l k\u00f6zel 800 \u00fcgyfelet szolg\u00e1l ki. Ad\u00f3 \u00e9s jogi tan\u00e1csad\u00f3 csapatunk t\u00f6bb mint 100 szakemberb\u0151l \u00e1ll.\" \/>\n<meta name=\"robots\" content=\"index, follow, max-snippet:-1, max-image-preview:large, max-video-preview:-1\" \/>\n<link rel=\"canonical\" href=\"https:\/\/hu.andersen.com\/hu\/rolunk\/\" \/>\n<meta property=\"og:locale\" content=\"hu_HU\" \/>\n<meta property=\"og:type\" content=\"article\" \/>\n<meta property=\"og:title\" content=\"R\u00f3lunk\" \/>\n<meta property=\"og:description\" content=\"Az Andersen k\u00fcl\u00f6nb\u00f6z\u0151 ipar\u00e1gakb\u00f3l k\u00f6zel 800 \u00fcgyfelet szolg\u00e1l ki. Ad\u00f3 \u00e9s jogi tan\u00e1csad\u00f3 csapatunk t\u00f6bb mint 100 szakemberb\u0151l \u00e1ll.\" \/>\n<meta property=\"og:url\" content=\"https:\/\/hu.andersen.com\/hu\/rolunk\/\" \/>\n<meta property=\"og:site_name\" content=\"Andersen Magyarorsz\u00e1g\" \/>\n<meta property=\"article:modified_time\" content=\"2025-06-19T10:34:48+00:00\" \/>\n<meta property=\"og:image\" content=\"https:\/\/hu.andersen.com\/wp-content\/uploads\/2020\/06\/02-about-us-new-v2.jpg\" \/>\n\t<meta property=\"og:image:width\" content=\"1170\" \/>\n\t<meta property=\"og:image:height\" content=\"270\" \/>\n\t<meta property=\"og:image:type\" content=\"image\/jpeg\" \/>\n<meta name=\"twitter:card\" content=\"summary_large_image\" \/>\n<meta name=\"twitter:label1\" content=\"Becs\u00fclt olvas\u00e1si id\u0151\" \/>\n\t<meta name=\"twitter:data1\" content=\"1 perc\" \/>\n<script type=\"application\/ld+json\" class=\"yoast-schema-graph\">{\"@context\":\"https:\\\/\\\/schema.org\",\"@graph\":[{\"@type\":\"WebPage\",\"@id\":\"https:\\\/\\\/hu.andersen.com\\\/hu\\\/rolunk\\\/\",\"url\":\"https:\\\/\\\/hu.andersen.com\\\/hu\\\/rolunk\\\/\",\"name\":\"T\u00f6rt\u00e9net\u00fcnk \u00e9s bemutatkoz\u00f3nk - Andersen Magyarorsz\u00e1g\",\"isPartOf\":{\"@id\":\"https:\\\/\\\/hu.andersen.com\\\/#website\"},\"primaryImageOfPage\":{\"@id\":\"https:\\\/\\\/hu.andersen.com\\\/hu\\\/rolunk\\\/#primaryimage\"},\"image\":{\"@id\":\"https:\\\/\\\/hu.andersen.com\\\/hu\\\/rolunk\\\/#primaryimage\"},\"thumbnailUrl\":\"https:\\\/\\\/hu.andersen.com\\\/wp-content\\\/uploads\\\/2020\\\/06\\\/02-about-us-new-v2.jpg\",\"datePublished\":\"2020-06-15T13:06:49+00:00\",\"dateModified\":\"2025-06-19T10:34:48+00:00\",\"description\":\"Az Andersen k\u00fcl\u00f6nb\u00f6z\u0151 ipar\u00e1gakb\u00f3l k\u00f6zel 800 \u00fcgyfelet szolg\u00e1l ki. Ad\u00f3 \u00e9s jogi tan\u00e1csad\u00f3 csapatunk t\u00f6bb mint 100 szakemberb\u0151l \u00e1ll.\",\"breadcrumb\":{\"@id\":\"https:\\\/\\\/hu.andersen.com\\\/hu\\\/rolunk\\\/#breadcrumb\"},\"inLanguage\":\"hu\",\"potentialAction\":[{\"@type\":\"ReadAction\",\"target\":[\"https:\\\/\\\/hu.andersen.com\\\/hu\\\/rolunk\\\/\"]}]},{\"@type\":\"ImageObject\",\"inLanguage\":\"hu\",\"@id\":\"https:\\\/\\\/hu.andersen.com\\\/hu\\\/rolunk\\\/#primaryimage\",\"url\":\"https:\\\/\\\/hu.andersen.com\\\/wp-content\\\/uploads\\\/2020\\\/06\\\/02-about-us-new-v2.jpg\",\"contentUrl\":\"https:\\\/\\\/hu.andersen.com\\\/wp-content\\\/uploads\\\/2020\\\/06\\\/02-about-us-new-v2.jpg\",\"width\":1170,\"height\":270},{\"@type\":\"BreadcrumbList\",\"@id\":\"https:\\\/\\\/hu.andersen.com\\\/hu\\\/rolunk\\\/#breadcrumb\",\"itemListElement\":[{\"@type\":\"ListItem\",\"position\":1,\"name\":\"Kezd\u0151lap\",\"item\":\"https:\\\/\\\/hu.andersen.com\\\/hu\\\/\"},{\"@type\":\"ListItem\",\"position\":2,\"name\":\"R\u00f3lunk\"}]},{\"@type\":\"WebSite\",\"@id\":\"https:\\\/\\\/hu.andersen.com\\\/#website\",\"url\":\"https:\\\/\\\/hu.andersen.com\\\/\",\"name\":\"Andersen In Hungary\",\"description\":\"Ad\u00f3tan\u00e1csad\u00e1s \u00e9s jogi tan\u00e1csad\u00e1s\",\"potentialAction\":[{\"@type\":\"SearchAction\",\"target\":{\"@type\":\"EntryPoint\",\"urlTemplate\":\"https:\\\/\\\/hu.andersen.com\\\/?s={search_term_string}\"},\"query-input\":{\"@type\":\"PropertyValueSpecification\",\"valueRequired\":true,\"valueName\":\"search_term_string\"}}],\"inLanguage\":\"hu\"}]}<\/script>\n<!-- \/ Yoast SEO Premium plugin. -->","yoast_head_json":{"title":"T\u00f6rt\u00e9net\u00fcnk \u00e9s bemutatkoz\u00f3nk - Andersen Magyarorsz\u00e1g","description":"Az Andersen k\u00fcl\u00f6nb\u00f6z\u0151 ipar\u00e1gakb\u00f3l k\u00f6zel 800 \u00fcgyfelet szolg\u00e1l ki. Ad\u00f3 \u00e9s jogi tan\u00e1csad\u00f3 csapatunk t\u00f6bb mint 100 szakemberb\u0151l \u00e1ll.","robots":{"index":"index","follow":"follow","max-snippet":"max-snippet:-1","max-image-preview":"max-image-preview:large","max-video-preview":"max-video-preview:-1"},"canonical":"https:\/\/hu.andersen.com\/hu\/rolunk\/","og_locale":"hu_HU","og_type":"article","og_title":"R\u00f3lunk","og_description":"Az Andersen k\u00fcl\u00f6nb\u00f6z\u0151 ipar\u00e1gakb\u00f3l k\u00f6zel 800 \u00fcgyfelet szolg\u00e1l ki. Ad\u00f3 \u00e9s jogi tan\u00e1csad\u00f3 csapatunk t\u00f6bb mint 100 szakemberb\u0151l \u00e1ll.","og_url":"https:\/\/hu.andersen.com\/hu\/rolunk\/","og_site_name":"Andersen Magyarorsz\u00e1g","article_modified_time":"2025-06-19T10:34:48+00:00","og_image":[{"width":1170,"height":270,"url":"https:\/\/hu.andersen.com\/wp-content\/uploads\/2020\/06\/02-about-us-new-v2.jpg","type":"image\/jpeg"}],"twitter_card":"summary_large_image","twitter_misc":{"Becs\u00fclt olvas\u00e1si id\u0151":"1 perc"},"schema":{"@context":"https:\/\/schema.org","@graph":[{"@type":"WebPage","@id":"https:\/\/hu.andersen.com\/hu\/rolunk\/","url":"https:\/\/hu.andersen.com\/hu\/rolunk\/","name":"T\u00f6rt\u00e9net\u00fcnk \u00e9s bemutatkoz\u00f3nk - Andersen Magyarorsz\u00e1g","isPartOf":{"@id":"https:\/\/hu.andersen.com\/#website"},"primaryImageOfPage":{"@id":"https:\/\/hu.andersen.com\/hu\/rolunk\/#primaryimage"},"image":{"@id":"https:\/\/hu.andersen.com\/hu\/rolunk\/#primaryimage"},"thumbnailUrl":"https:\/\/hu.andersen.com\/wp-content\/uploads\/2020\/06\/02-about-us-new-v2.jpg","datePublished":"2020-06-15T13:06:49+00:00","dateModified":"2025-06-19T10:34:48+00:00","description":"Az Andersen k\u00fcl\u00f6nb\u00f6z\u0151 ipar\u00e1gakb\u00f3l k\u00f6zel 800 \u00fcgyfelet szolg\u00e1l ki. Ad\u00f3 \u00e9s jogi tan\u00e1csad\u00f3 csapatunk t\u00f6bb mint 100 szakemberb\u0151l \u00e1ll.","breadcrumb":{"@id":"https:\/\/hu.andersen.com\/hu\/rolunk\/#breadcrumb"},"inLanguage":"hu","potentialAction":[{"@type":"ReadAction","target":["https:\/\/hu.andersen.com\/hu\/rolunk\/"]}]},{"@type":"ImageObject","inLanguage":"hu","@id":"https:\/\/hu.andersen.com\/hu\/rolunk\/#primaryimage","url":"https:\/\/hu.andersen.com\/wp-content\/uploads\/2020\/06\/02-about-us-new-v2.jpg","contentUrl":"https:\/\/hu.andersen.com\/wp-content\/uploads\/2020\/06\/02-about-us-new-v2.jpg","width":1170,"height":270},{"@type":"BreadcrumbList","@id":"https:\/\/hu.andersen.com\/hu\/rolunk\/#breadcrumb","itemListElement":[{"@type":"ListItem","position":1,"name":"Kezd\u0151lap","item":"https:\/\/hu.andersen.com\/hu\/"},{"@type":"ListItem","position":2,"name":"R\u00f3lunk"}]},{"@type":"WebSite","@id":"https:\/\/hu.andersen.com\/#website","url":"https:\/\/hu.andersen.com\/","name":"Andersen In Hungary","description":"Ad\u00f3tan\u00e1csad\u00e1s \u00e9s jogi tan\u00e1csad\u00e1s","potentialAction":[{"@type":"SearchAction","target":{"@type":"EntryPoint","urlTemplate":"https:\/\/hu.andersen.com\/?s={search_term_string}"},"query-input":{"@type":"PropertyValueSpecification","valueRequired":true,"valueName":"search_term_string"}}],"inLanguage":"hu"}]}},"_links":{"self":[{"href":"https:\/\/hu.andersen.com\/hu\/wp-json\/wp\/v2\/pages\/1432","targetHints":{"allow":["GET"]}}],"collection":[{"href":"https:\/\/hu.andersen.com\/hu\/wp-json\/wp\/v2\/pages"}],"about":[{"href":"https:\/\/hu.andersen.com\/hu\/wp-json\/wp\/v2\/types\/page"}],"author":[{"embeddable":true,"href":"https:\/\/hu.andersen.com\/hu\/wp-json\/wp\/v2\/users\/103"}],"replies":[{"embeddable":true,"href":"https:\/\/hu.andersen.com\/hu\/wp-json\/wp\/v2\/comments?post=1432"}],"version-history":[{"count":1,"href":"https:\/\/hu.andersen.com\/hu\/wp-json\/wp\/v2\/pages\/1432\/revisions"}],"predecessor-version":[{"id":13372,"href":"https:\/\/hu.andersen.com\/hu\/wp-json\/wp\/v2\/pages\/1432\/revisions\/13372"}],"wp:featuredmedia":[{"embeddable":true,"href":"https:\/\/hu.andersen.com\/hu\/wp-json\/wp\/v2\/media\/2103"}],"wp:attachment":[{"href":"https:\/\/hu.andersen.com\/hu\/wp-json\/wp\/v2\/media?parent=1432"}],"curies":[{"name":"wp","href":"https:\/\/api.w.org\/{rel}","templated":true}]}}