{"id":1583,"date":"2020-06-17T19:24:37","date_gmt":"2020-06-17T17:24:37","guid":{"rendered":"https:\/\/hu.andersen.com\/?page_id=1583"},"modified":"2025-07-23T13:40:29","modified_gmt":"2025-07-23T11:40:29","slug":"impresszum","status":"publish","type":"page","link":"https:\/\/hu.andersen.com\/hu\/impresszum\/","title":{"rendered":"Impresszum"},"content":{"rendered":"\n<h2 class=\"wp-block-heading\" id=\"h-andersen-adotanacsado-zrt\"><span style=\"color:#ab0e1e\" class=\"has-inline-color\">Andersen Ad\u00f3tan\u00e1csad\u00f3 Zrt.<\/span><\/h2>\n\n\n\n<p><strong>C\u00edm:<\/strong> 1124 Budapest, Cs\u00f6rsz utca 43.<\/p>\n\n\n\n<p><strong>Telefon:<\/strong> +36 1 920 6800<\/p>\n\n\n\n<p><strong>E-mail:<\/strong> <a href=\"mailto:info@hu.Andersen.com\"><span style=\"color:#ab0e1e\" class=\"has-inline-color\">info@hu.Andersen.com<\/span><\/a><\/p>\n\n\n\n<p><strong>Ad\u00f3sz\u00e1m:<\/strong> 24177207-2-43<\/p>\n\n\n\n<p><strong>A c\u00e9get bejegyz\u0151 hat\u00f3s\u00e1g<\/strong>: F\u0151v\u00e1rosi T\u00f6rv\u00e9nysz\u00e9k C\u00e9gb\u00edr\u00f3s\u00e1ga (1051 Budapest, N\u00e1dor utca 28.)<\/p>\n\n\n\n<p><strong>Honlap t\u00e1rhely\u00e9t biztos\u00edt\u00f3 szolg\u00e1ltat\u00f3:<\/strong> T\u00e1rhely.Eu Kft.<\/p>\n\n\n\n<p><strong>T\u00e1rhelyszolg\u00e1ltat\u00f3 c\u00edme:<\/strong> 1097 Budapest, K\u00f6nyves K\u00e1lm\u00e1n k\u00f6r\u00fat 12-14.<\/p>\n\n\n\n<p><strong>T\u00e1rhelyszolg\u00e1ltat\u00f3 e-mail c\u00edme:<\/strong>\u00a0<a href=\"mailto:info@wpengine.com\"><span style=\"color:#ab0e1e\" class=\"has-inline-color\">support@tarhely.eu<\/span><\/a><\/p>\n\n\n\n<h2 class=\"wp-block-heading\" id=\"h-szabo-kelemen-es-tarsai-andersen-ugyvedi-iroda\"><span style=\"color:#ab0e1e\" class=\"has-inline-color\">Szab\u00f3, Kelemen \u00e9s T\u00e1rsai Andersen \u00dcgyv\u00e9di Iroda<\/span><\/h2>\n\n\n\n<p><strong>C\u00edm:<\/strong> 1024 Budapest, L\u00f6v\u0151h\u00e1z utca 39.<\/p>\n\n\n\n<p><strong>Telefon:<\/strong> +36 1 288 8200<\/p>\n\n\n\n<p><strong>E-mail:<\/strong> <a href=\"mailto:info@hu.AndersenLegal.com\"><span style=\"color:#ab0e1e\" class=\"has-inline-color\">info@hu.AndersenLegal.com<\/span><\/a><\/p>\n\n\n\n<p><strong>Ad\u00f3sz\u00e1m:<\/strong> 12184206-2-41<\/p>\n\n\n\n<p><strong>A c\u00e9get bejegyz\u0151 hat\u00f3s\u00e1g<\/strong>: <\/p>\n\n\n\n<p><strong>Honlap t\u00e1rhely\u00e9t biztos\u00edt\u00f3 szolg\u00e1ltat\u00f3:<\/strong> T\u00e1rhely.Eu Kft.<\/p>\n\n\n\n<p><strong>T\u00e1rhelyszolg\u00e1ltat\u00f3 c\u00edme:<\/strong> 1097 Budapest, K\u00f6nyves K\u00e1lm\u00e1n k\u00f6r\u00fat 12-14.<\/p>\n\n\n\n<p><strong>T\u00e1rhelyszolg\u00e1ltat\u00f3 e-mail c\u00edme:<\/strong>\u00a0<a href=\"mailto:info@wpengine.com\"><span style=\"color:#ab0e1e\" class=\"has-inline-color\">support@tarhely.eu<\/span><\/a><\/p>\n","protected":false},"excerpt":{"rendered":"<\/p>\n","protected":false},"author":103,"featured_media":1867,"parent":0,"menu_order":0,"comment_status":"closed","ping_status":"closed","template":"templates\/page_inner_services.php","meta":{"_acf_changed":false,"_genesis_hide_title":false,"_genesis_hide_breadcrumbs":false,"_genesis_hide_singular_image":false,"_genesis_hide_footer_widgets":false,"_genesis_custom_body_class":"","_genesis_custom_post_class":"","_genesis_layout":"","footnotes":""},"class_list":{"0":"post-1583","1":"page","2":"type-page","3":"status-publish","4":"has-post-thumbnail","6":"entry"},"acf":[],"featured_image_src":"https:\/\/hu.andersen.com\/wp-content\/uploads\/2020\/06\/14-impressum-new.jpg","yoast_head":"<!-- This site is optimized with the Yoast SEO Premium plugin v27.4 (Yoast SEO v27.4) - https:\/\/yoast.com\/product\/yoast-seo-premium-wordpress\/ -->\n<title>Impresszum - Andersen Magyarorsz\u00e1g<\/title>\n<meta name=\"robots\" content=\"index, follow, max-snippet:-1, max-image-preview:large, max-video-preview:-1\" \/>\n<link rel=\"canonical\" href=\"https:\/\/hu.andersen.com\/hu\/impresszum\/\" \/>\n<meta property=\"og:locale\" content=\"hu_HU\" \/>\n<meta property=\"og:type\" content=\"article\" \/>\n<meta property=\"og:title\" content=\"Impresszum\" \/>\n<meta property=\"og:url\" content=\"https:\/\/hu.andersen.com\/hu\/impresszum\/\" \/>\n<meta property=\"og:site_name\" content=\"Andersen Magyarorsz\u00e1g\" \/>\n<meta property=\"article:modified_time\" content=\"2025-07-23T11:40:29+00:00\" \/>\n<meta property=\"og:image\" content=\"https:\/\/hu.andersen.com\/wp-content\/uploads\/2020\/06\/14-impressum-new.jpg\" \/>\n\t<meta property=\"og:image:width\" content=\"1170\" \/>\n\t<meta property=\"og:image:height\" content=\"270\" \/>\n\t<meta property=\"og:image:type\" content=\"image\/jpeg\" \/>\n<meta name=\"twitter:card\" content=\"summary_large_image\" \/>\n<meta name=\"twitter:label1\" content=\"Becs\u00fclt olvas\u00e1si id\u0151\" \/>\n\t<meta name=\"twitter:data1\" content=\"1 perc\" \/>\n<script type=\"application\/ld+json\" class=\"yoast-schema-graph\">{\"@context\":\"https:\\\/\\\/schema.org\",\"@graph\":[{\"@type\":\"WebPage\",\"@id\":\"https:\\\/\\\/hu.andersen.com\\\/hu\\\/impresszum\\\/\",\"url\":\"https:\\\/\\\/hu.andersen.com\\\/hu\\\/impresszum\\\/\",\"name\":\"Impresszum - Andersen Magyarorsz\u00e1g\",\"isPartOf\":{\"@id\":\"https:\\\/\\\/hu.andersen.com\\\/#website\"},\"primaryImageOfPage\":{\"@id\":\"https:\\\/\\\/hu.andersen.com\\\/hu\\\/impresszum\\\/#primaryimage\"},\"image\":{\"@id\":\"https:\\\/\\\/hu.andersen.com\\\/hu\\\/impresszum\\\/#primaryimage\"},\"thumbnailUrl\":\"https:\\\/\\\/hu.andersen.com\\\/wp-content\\\/uploads\\\/2020\\\/06\\\/14-impressum-new.jpg\",\"datePublished\":\"2020-06-17T17:24:37+00:00\",\"dateModified\":\"2025-07-23T11:40:29+00:00\",\"breadcrumb\":{\"@id\":\"https:\\\/\\\/hu.andersen.com\\\/hu\\\/impresszum\\\/#breadcrumb\"},\"inLanguage\":\"hu\",\"potentialAction\":[{\"@type\":\"ReadAction\",\"target\":[\"https:\\\/\\\/hu.andersen.com\\\/hu\\\/impresszum\\\/\"]}]},{\"@type\":\"ImageObject\",\"inLanguage\":\"hu\",\"@id\":\"https:\\\/\\\/hu.andersen.com\\\/hu\\\/impresszum\\\/#primaryimage\",\"url\":\"https:\\\/\\\/hu.andersen.com\\\/wp-content\\\/uploads\\\/2020\\\/06\\\/14-impressum-new.jpg\",\"contentUrl\":\"https:\\\/\\\/hu.andersen.com\\\/wp-content\\\/uploads\\\/2020\\\/06\\\/14-impressum-new.jpg\",\"width\":1170,\"height\":270},{\"@type\":\"BreadcrumbList\",\"@id\":\"https:\\\/\\\/hu.andersen.com\\\/hu\\\/impresszum\\\/#breadcrumb\",\"itemListElement\":[{\"@type\":\"ListItem\",\"position\":1,\"name\":\"Kezd\u0151lap\",\"item\":\"https:\\\/\\\/hu.andersen.com\\\/hu\\\/\"},{\"@type\":\"ListItem\",\"position\":2,\"name\":\"Impresszum\"}]},{\"@type\":\"WebSite\",\"@id\":\"https:\\\/\\\/hu.andersen.com\\\/#website\",\"url\":\"https:\\\/\\\/hu.andersen.com\\\/\",\"name\":\"Andersen In Hungary\",\"description\":\"Ad\u00f3tan\u00e1csad\u00e1s \u00e9s jogi tan\u00e1csad\u00e1s\",\"potentialAction\":[{\"@type\":\"SearchAction\",\"target\":{\"@type\":\"EntryPoint\",\"urlTemplate\":\"https:\\\/\\\/hu.andersen.com\\\/?s={search_term_string}\"},\"query-input\":{\"@type\":\"PropertyValueSpecification\",\"valueRequired\":true,\"valueName\":\"search_term_string\"}}],\"inLanguage\":\"hu\"}]}<\/script>\n<!-- \/ Yoast SEO Premium plugin. -->","yoast_head_json":{"title":"Impresszum - Andersen Magyarorsz\u00e1g","robots":{"index":"index","follow":"follow","max-snippet":"max-snippet:-1","max-image-preview":"max-image-preview:large","max-video-preview":"max-video-preview:-1"},"canonical":"https:\/\/hu.andersen.com\/hu\/impresszum\/","og_locale":"hu_HU","og_type":"article","og_title":"Impresszum","og_url":"https:\/\/hu.andersen.com\/hu\/impresszum\/","og_site_name":"Andersen Magyarorsz\u00e1g","article_modified_time":"2025-07-23T11:40:29+00:00","og_image":[{"width":1170,"height":270,"url":"https:\/\/hu.andersen.com\/wp-content\/uploads\/2020\/06\/14-impressum-new.jpg","type":"image\/jpeg"}],"twitter_card":"summary_large_image","twitter_misc":{"Becs\u00fclt olvas\u00e1si id\u0151":"1 perc"},"schema":{"@context":"https:\/\/schema.org","@graph":[{"@type":"WebPage","@id":"https:\/\/hu.andersen.com\/hu\/impresszum\/","url":"https:\/\/hu.andersen.com\/hu\/impresszum\/","name":"Impresszum - Andersen Magyarorsz\u00e1g","isPartOf":{"@id":"https:\/\/hu.andersen.com\/#website"},"primaryImageOfPage":{"@id":"https:\/\/hu.andersen.com\/hu\/impresszum\/#primaryimage"},"image":{"@id":"https:\/\/hu.andersen.com\/hu\/impresszum\/#primaryimage"},"thumbnailUrl":"https:\/\/hu.andersen.com\/wp-content\/uploads\/2020\/06\/14-impressum-new.jpg","datePublished":"2020-06-17T17:24:37+00:00","dateModified":"2025-07-23T11:40:29+00:00","breadcrumb":{"@id":"https:\/\/hu.andersen.com\/hu\/impresszum\/#breadcrumb"},"inLanguage":"hu","potentialAction":[{"@type":"ReadAction","target":["https:\/\/hu.andersen.com\/hu\/impresszum\/"]}]},{"@type":"ImageObject","inLanguage":"hu","@id":"https:\/\/hu.andersen.com\/hu\/impresszum\/#primaryimage","url":"https:\/\/hu.andersen.com\/wp-content\/uploads\/2020\/06\/14-impressum-new.jpg","contentUrl":"https:\/\/hu.andersen.com\/wp-content\/uploads\/2020\/06\/14-impressum-new.jpg","width":1170,"height":270},{"@type":"BreadcrumbList","@id":"https:\/\/hu.andersen.com\/hu\/impresszum\/#breadcrumb","itemListElement":[{"@type":"ListItem","position":1,"name":"Kezd\u0151lap","item":"https:\/\/hu.andersen.com\/hu\/"},{"@type":"ListItem","position":2,"name":"Impresszum"}]},{"@type":"WebSite","@id":"https:\/\/hu.andersen.com\/#website","url":"https:\/\/hu.andersen.com\/","name":"Andersen In Hungary","description":"Ad\u00f3tan\u00e1csad\u00e1s \u00e9s jogi tan\u00e1csad\u00e1s","potentialAction":[{"@type":"SearchAction","target":{"@type":"EntryPoint","urlTemplate":"https:\/\/hu.andersen.com\/?s={search_term_string}"},"query-input":{"@type":"PropertyValueSpecification","valueRequired":true,"valueName":"search_term_string"}}],"inLanguage":"hu"}]}},"_links":{"self":[{"href":"https:\/\/hu.andersen.com\/hu\/wp-json\/wp\/v2\/pages\/1583","targetHints":{"allow":["GET"]}}],"collection":[{"href":"https:\/\/hu.andersen.com\/hu\/wp-json\/wp\/v2\/pages"}],"about":[{"href":"https:\/\/hu.andersen.com\/hu\/wp-json\/wp\/v2\/types\/page"}],"author":[{"embeddable":true,"href":"https:\/\/hu.andersen.com\/hu\/wp-json\/wp\/v2\/users\/103"}],"replies":[{"embeddable":true,"href":"https:\/\/hu.andersen.com\/hu\/wp-json\/wp\/v2\/comments?post=1583"}],"version-history":[{"count":1,"href":"https:\/\/hu.andersen.com\/hu\/wp-json\/wp\/v2\/pages\/1583\/revisions"}],"predecessor-version":[{"id":13617,"href":"https:\/\/hu.andersen.com\/hu\/wp-json\/wp\/v2\/pages\/1583\/revisions\/13617"}],"wp:featuredmedia":[{"embeddable":true,"href":"https:\/\/hu.andersen.com\/hu\/wp-json\/wp\/v2\/media\/1867"}],"wp:attachment":[{"href":"https:\/\/hu.andersen.com\/hu\/wp-json\/wp\/v2\/media?parent=1583"}],"curies":[{"name":"wp","href":"https:\/\/api.w.org\/{rel}","templated":true}]}}