{"id":1684,"date":"2020-06-17T22:25:51","date_gmt":"2020-06-17T20:25:51","guid":{"rendered":"https:\/\/hu.andersen.com\/?page_id=1684"},"modified":"2021-12-03T15:15:22","modified_gmt":"2021-12-03T14:15:22","slug":"esemenyek","status":"publish","type":"page","link":"https:\/\/hu.andersen.com\/hu\/esemenyek\/","title":{"rendered":"Esem\u00e9nyek"},"content":{"rendered":"\t\t<section class=\"news-items-horizontal andersen-loop-fix\">\n\t\t\t<ul class=\"row\">\n\t\t\t\t\t\t\t\t\t\t\t\t\t\t<li class=\"column large-3 medium-6 small-12 post-6544 post type-post status-publish format-standard has-post-thumbnail category-esemenyek tag-slider-2 entry\">\n\t\t\t\t\t\t\t\t\t\t\t\t\t<a href=\"https:\/\/hu.andersen.com\/hu\/esemenyek\/uj-irodaba-koltoznek-jogaszaink\/\"><img loading=\"lazy\" decoding=\"async\" width=\"300\" height=\"143\" src=\"https:\/\/hu.andersen.com\/wp-content\/uploads\/2022\/04\/legal-moving-2022-04-11-300x143.png\" class=\"attachment-medium size-medium wp-post-image\" alt=\"\" srcset=\"https:\/\/hu.andersen.com\/wp-content\/uploads\/2022\/04\/legal-moving-2022-04-11-300x143.png 300w, https:\/\/hu.andersen.com\/wp-content\/uploads\/2022\/04\/legal-moving-2022-04-11-1024x487.png 1024w, https:\/\/hu.andersen.com\/wp-content\/uploads\/2022\/04\/legal-moving-2022-04-11-768x365.png 768w, https:\/\/hu.andersen.com\/wp-content\/uploads\/2022\/04\/legal-moving-2022-04-11-1536x731.png 1536w, https:\/\/hu.andersen.com\/wp-content\/uploads\/2022\/04\/legal-moving-2022-04-11.png 1640w\" sizes=\"auto, (max-width: 300px) 100vw, 300px\" \/><\/a>\n\t\t\t\t\t\t\t\t\t\t\t\t<h3 class=\"title\">\u00daj irod\u00e1ba k\u00f6lt\u00f6znek jog\u00e1szaink<\/h3>\n\t\t\t\t\t\t<p>\u00c1prilis 11-t\u0151l a II. ker\u00fclet helyett az I. ker\u00fcletben folytatja munk\u00e1j\u00e1t a Szab\u00f3, Kelemen &amp; T\u00e1rsai Andersen \u00dcgyv\u00e9di Iroda.<\/p>\n\t\t\t\t\t\t<a href=\"https:\/\/hu.andersen.com\/hu\/esemenyek\/uj-irodaba-koltoznek-jogaszaink\/\" class=\"button cta hollow-dark\">Tov\u00e1bb<\/a>\n\t\t\t\t\t<\/li>\n\t\t\t\t\t\t\t\t\t\t\t\t\t\t<li class=\"column large-3 medium-6 small-12 post-3307 post type-post status-publish format-standard category-esemenyek entry\">\n\t\t\t\t\t\t\t\t\t\t\t\t\t<a href=\"https:\/\/hu.andersen.com\/hu\/esemenyek\/equity-reggeli\/\"><img decoding=\"async\" src=\"\/wp-content\/themes\/andersen\/images\/import-news-featured-medium.jpg\" alt=\"\"><\/a>\n\t\t\t\t\t\t\t\t\t\t\t\t<h3 class=\"title\">Equity Reggeli<\/h3>\n\t\t\t\t\t\t<p>November 13-\u00e1n az Equity Reggeli rendezv\u00e9nysorozat r\u00e9szek\u00e9nt az\u00a0Absolvo-val k\u00f6z\u00f6sen \u00fczleti reggelit szervezt\u00fcnk&#8230;<\/p>\n\t\t\t\t\t\t<a href=\"https:\/\/hu.andersen.com\/hu\/esemenyek\/equity-reggeli\/\" class=\"button cta hollow-dark\">Tov\u00e1bb<\/a>\n\t\t\t\t\t<\/li>\n\t\t\t\t\t\t\t\t\t\t\t\t\t\t<li class=\"column large-3 medium-6 small-12 post-3323 post type-post status-publish format-standard category-esemenyek entry\">\n\t\t\t\t\t\t\t\t\t\t\t\t\t<a href=\"https:\/\/hu.andersen.com\/hu\/esemenyek\/valtozo-adoszabalyok-az-eu-es-az-oecd-nyomasara-adoszeminarium\/\"><img decoding=\"async\" src=\"\/wp-content\/themes\/andersen\/images\/import-news-featured-medium.jpg\" alt=\"\"><\/a>\n\t\t\t\t\t\t\t\t\t\t\t\t<h3 class=\"title\">V\u00e1ltoz\u00f3 ad\u00f3szab\u00e1lyok az EU \u00e9s az OECD nyom\u00e1s\u00e1ra ad\u00f3szemin\u00e1rium<\/h3>\n\t\t\t\t\t\t<p>Az ut\u00f3bbi \u00e9vekben a nemzetk\u00f6zi ad\u00f3z\u00e1s ter\u00e9n soha nem tapasztalt szab\u00e1lyoz\u00e1si hull\u00e1m indult el. Az OECD \u00e9s az Eur\u00f3pai Uni\u00f3 nyom\u00e1s\u00e1ra m\u00f3dosulnak t\u00f6bbek k\u00f6z\u00f6tt&#8230;<\/p>\n\t\t\t\t\t\t<a href=\"https:\/\/hu.andersen.com\/hu\/esemenyek\/valtozo-adoszabalyok-az-eu-es-az-oecd-nyomasara-adoszeminarium\/\" class=\"button cta hollow-dark\">Tov\u00e1bb<\/a>\n\t\t\t\t\t<\/li>\n\t\t\t\t\t\t\t\t\t\t\t\t\t\t<li class=\"column large-3 medium-6 small-12 post-3333 post type-post status-publish format-standard category-esemenyek entry\">\n\t\t\t\t\t\t\t\t\t\t\t\t\t<a href=\"https:\/\/hu.andersen.com\/hu\/esemenyek\/transzferar-ellenorzesek-gyakorlati-tapasztalatok\/\"><img decoding=\"async\" src=\"\/wp-content\/themes\/andersen\/images\/import-news-featured-medium.jpg\" alt=\"\"><\/a>\n\t\t\t\t\t\t\t\t\t\t\t\t<h3 class=\"title\">Transzfer\u00e1r ellen\u0151rz\u00e9sek \u2013 gyakorlati tapasztalatok<\/h3>\n\t\t\t\t\t\t<p>Az OrienTax Zrt. a NAV szakembereinek k\u00f6zrem\u0171k\u00f6d\u00e9s\u00e9vel 2018. \u00e1prilis 25-\u00e9n rendezett konferenci\u00e1t az elm\u00falt \u00e9v legfontosabb transzfer\u00e1r ellen\u0151rz\u00e9sekkel kapcsolatos&#8230;<\/p>\n\t\t\t\t\t\t<a href=\"https:\/\/hu.andersen.com\/hu\/esemenyek\/transzferar-ellenorzesek-gyakorlati-tapasztalatok\/\" class=\"button cta hollow-dark\">Tov\u00e1bb<\/a>\n\t\t\t\t\t<\/li>\n\t\t\t\t\t\t\t\t\t\t\t\t\t\t<li class=\"column large-3 medium-6 small-12 post-3338 post type-post status-publish format-standard category-esemenyek entry\">\n\t\t\t\t\t\t\t\t\t\t\t\t\t<a href=\"https:\/\/hu.andersen.com\/hu\/esemenyek\/online-adatszolgaltatas-adoszeminarium\/\"><img decoding=\"async\" src=\"\/wp-content\/themes\/andersen\/images\/import-news-featured-medium.jpg\" alt=\"\"><\/a>\n\t\t\t\t\t\t\t\t\t\t\t\t<h3 class=\"title\">Online adatszolg\u00e1ltat\u00e1s ad\u00f3szemin\u00e1rium<\/h3>\n\t\t\t\t\t\t<p>2018. \u00e1prilis 4-\u00e9n tartottuk meg \u201eOnline adatszolg\u00e1ltat\u00e1s\u201d ad\u00f3szemin\u00e1riumunkat, amelyen az el\u0151tt\u00fcnk \u00e1ll\u00f3 3 h\u00f3nap teend\u0151it vizsg\u00e1ltuk.<\/p>\n\t\t\t\t\t\t<a href=\"https:\/\/hu.andersen.com\/hu\/esemenyek\/online-adatszolgaltatas-adoszeminarium\/\" class=\"button cta hollow-dark\">Tov\u00e1bb<\/a>\n\t\t\t\t\t<\/li>\n\t\t\t\t\t\t\t\t\t\t\t\t\t\t<li class=\"column large-3 medium-6 small-12 post-3343 post type-post status-publish format-standard category-esemenyek entry\">\n\t\t\t\t\t\t\t\t\t\t\t\t\t<a href=\"https:\/\/hu.andersen.com\/hu\/esemenyek\/hogyan-erdemes-startupba-adohatekonyan-befektetni-novelve-a-hasznot-es-csokkentve-a-kockazatot\/\"><img decoding=\"async\" src=\"\/wp-content\/themes\/andersen\/images\/import-news-featured-medium.jpg\" alt=\"\"><\/a>\n\t\t\t\t\t\t\t\t\t\t\t\t<h3 class=\"title\">Hogyan \u00e9rdemes startupba ad\u00f3hat\u00e9konyan befektetni, n\u00f6velve a hasznot \u00e9s cs\u00f6kkentve a kock\u00e1zatot?<\/h3>\n\t\t\t\t\t\t<p>Hogyan \u00e9rdemes startupba ad\u00f3hat\u00e9konyan befektetni, n\u00f6velve a hasznot \u00e9s cs\u00f6kkentve a kock\u00e1zatot?<\/p>\n\t\t\t\t\t\t<a href=\"https:\/\/hu.andersen.com\/hu\/esemenyek\/hogyan-erdemes-startupba-adohatekonyan-befektetni-novelve-a-hasznot-es-csokkentve-a-kockazatot\/\" class=\"button cta hollow-dark\">Tov\u00e1bb<\/a>\n\t\t\t\t\t<\/li>\n\t\t\t\t\t\t\t\t\t\t\t\t\t\t<li class=\"column large-3 medium-6 small-12 post-3365 post type-post status-publish format-standard category-esemenyek entry\">\n\t\t\t\t\t\t\t\t\t\t\t\t\t<a href=\"https:\/\/hu.andersen.com\/hu\/esemenyek\/orientax-adoszeminarium-2017-szeptember-20\/\"><img decoding=\"async\" src=\"\/wp-content\/themes\/andersen\/images\/import-news-featured-medium.jpg\" alt=\"\"><\/a>\n\t\t\t\t\t\t\t\t\t\t\t\t<h3 class=\"title\">OrienTax Ad\u00f3szemin\u00e1rium &#8211; 2017. szeptember 20.<\/h3>\n\t\t\t\t\t\t<p>2018-t\u00f3l sz\u00e1mos elj\u00e1r\u00e1sjogi t\u00f6rv\u00e9ny megv\u00e1ltozik, k\u00f6zt\u00fck v\u00e1rhat\u00f3an az ad\u00f3z\u00e1s rendj\u00e9r\u0151l sz\u00f3l\u00f3 t\u00f6rv\u00e9ny is. Az ezzel kapcsolatos tudnival\u00f3kat foglalt\u00e1k \u00f6ssze koll\u00e9g\u00e1ink \u00e9s megh\u00edvott el\u0151ad\u00f3nk.<\/p>\n\t\t\t\t\t\t<a href=\"https:\/\/hu.andersen.com\/hu\/esemenyek\/orientax-adoszeminarium-2017-szeptember-20\/\" class=\"button cta hollow-dark\">Tov\u00e1bb<\/a>\n\t\t\t\t\t<\/li>\n\t\t\t\t\t\t\t\t\t\t\t\t\t\t<li class=\"column large-3 medium-6 small-12 post-3392 post type-post status-publish format-standard category-esemenyek entry\">\n\t\t\t\t\t\t\t\t\t\t\t\t\t<a href=\"https:\/\/hu.andersen.com\/hu\/esemenyek\/orientax-adoszeminarium-2017-marcius-29\/\"><img decoding=\"async\" src=\"\/wp-content\/themes\/andersen\/images\/import-news-featured-medium.jpg\" alt=\"\"><\/a>\n\t\t\t\t\t\t\t\t\t\t\t\t<h3 class=\"title\">OrienTax Ad\u00f3szemin\u00e1rium &#8211; 2017. m\u00e1rcius 29.<\/h3>\n\t\t\t\t\t\t<p>\u00c1fa \u2013 A kell\u0151 k\u00f6r\u00fcltekint\u00e9s k\u00f6vetelm\u00e9nyei az eur\u00f3pai uni\u00f3s esetjog \u00e9s a hazai gyakorlat t\u00fckr\u00e9ben, t\u00e1mpontok a vissza\u00e9l\u00e9sekb\u0151l ered\u0151 kock\u00e1zatok&#8230;<\/p>\n\t\t\t\t\t\t<a href=\"https:\/\/hu.andersen.com\/hu\/esemenyek\/orientax-adoszeminarium-2017-marcius-29\/\" class=\"button cta hollow-dark\">Tov\u00e1bb<\/a>\n\t\t\t\t\t<\/li>\n\t\t\t\t\t\t\t\t\t\t\t\t\t\t<li class=\"column large-3 medium-6 small-12 post-3403 post type-post status-publish format-standard category-esemenyek entry\">\n\t\t\t\t\t\t\t\t\t\t\t\t\t<a href=\"https:\/\/hu.andersen.com\/hu\/esemenyek\/orientax-adoszeminarium-2017-januar-25\/\"><img decoding=\"async\" src=\"\/wp-content\/themes\/andersen\/images\/import-news-featured-medium.jpg\" alt=\"\"><\/a>\n\t\t\t\t\t\t\t\t\t\t\t\t<h3 class=\"title\">OrienTax Ad\u00f3szemin\u00e1rium &#8211; 2017. janu\u00e1r 25.<\/h3>\n\t\t\t\t\t\t<p>Transzfer\u00e1rak ad\u00f3hat\u00f3s\u00e1g \u00e1ltali el\u0151zetes meg\u00e1llap\u00edt\u00e1s\u00e1val (\u00fan. APA elj\u00e1r\u00e1sok) \u00e9s a transzfer\u00e1r ellen\u0151rz\u00e9sekkel kapcsolatos tapasztalatok&#8230;<\/p>\n\t\t\t\t\t\t<a href=\"https:\/\/hu.andersen.com\/hu\/esemenyek\/orientax-adoszeminarium-2017-januar-25\/\" class=\"button cta hollow-dark\">Tov\u00e1bb<\/a>\n\t\t\t\t\t<\/li>\n\t\t\t\t\t\t\t\t\t\t\t\t\t\t<li class=\"column large-3 medium-6 small-12 post-3423 post type-post status-publish format-standard category-esemenyek entry\">\n\t\t\t\t\t\t\t\t\t\t\t\t\t<a href=\"https:\/\/hu.andersen.com\/hu\/esemenyek\/orientax-adoszeminarium-2016-november-10\/\"><img decoding=\"async\" src=\"\/wp-content\/themes\/andersen\/images\/import-news-featured-medium.jpg\" alt=\"\"><\/a>\n\t\t\t\t\t\t\t\t\t\t\t\t<h3 class=\"title\">OrienTax Ad\u00f3szemin\u00e1rium &#8211; 2016. november 10.<\/h3>\n\t\t\t\t\t\t<p>2017. \u00e9vi ad\u00f3t\u00f6rv\u00e9nyek &#8211; v\u00e1rhat\u00f3 v\u00e1ltoz\u00e1sok El\u0151ad\u00f3k: Izer Norbert &#8211; NGM, helyettes-\u00e1llamtitk\u00e1r Sz\u00e9kely Gy\u00f6rgy, partner&#8230;<\/p>\n\t\t\t\t\t\t<a href=\"https:\/\/hu.andersen.com\/hu\/esemenyek\/orientax-adoszeminarium-2016-november-10\/\" class=\"button cta hollow-dark\">Tov\u00e1bb<\/a>\n\t\t\t\t\t<\/li>\n\t\t\t\t\t\t\t\t\t\t\t\t\t\t<li class=\"column large-3 medium-6 small-12 post-3404 post type-post status-publish format-standard category-esemenyek entry\">\n\t\t\t\t\t\t\t\t\t\t\t\t\t<a href=\"https:\/\/hu.andersen.com\/hu\/esemenyek\/orientax-adoszeminarium-2016-szeptember-18\/\"><img decoding=\"async\" src=\"\/wp-content\/themes\/andersen\/images\/import-news-featured-medium.jpg\" alt=\"\"><\/a>\n\t\t\t\t\t\t\t\t\t\t\t\t<h3 class=\"title\">OrienTax Ad\u00f3szemin\u00e1rium &#8211; 2016. szeptember 18.<\/h3>\n\t\t\t\t\t\t<p>K+F tev\u00e9kenys\u00e9gek besorol\u00e1sa \u2013 a Szellemi Tulajdon Nemzeti Hivatala (SZTNH) min\u0151s\u00edt\u00e9si elj\u00e1r\u00e1sai El\u0151ad\u00f3k: Dr. N\u00e9meth G\u00e1bor &#8211;\u00a0SZTNH&#8230;<\/p>\n\t\t\t\t\t\t<a href=\"https:\/\/hu.andersen.com\/hu\/esemenyek\/orientax-adoszeminarium-2016-szeptember-18\/\" class=\"button cta hollow-dark\">Tov\u00e1bb<\/a>\n\t\t\t\t\t<\/li>\n\t\t\t\t\t\t\t<\/ul>\n\t\t\t<div class=\"row\">\n\t\t\t\t<nav class=\"pagination\">\n\t\t\t\t\t\t\t\t\t<\/nav>\n\t\t\t<\/div>\n\t\t<\/section>\n\t\t\n","protected":false},"excerpt":{"rendered":"<\/p>\n","protected":false},"author":103,"featured_media":2208,"parent":0,"menu_order":0,"comment_status":"closed","ping_status":"closed","template":"templates\/page_inner_services.php","meta":{"_acf_changed":false,"_genesis_hide_title":false,"_genesis_hide_breadcrumbs":false,"_genesis_hide_singular_image":false,"_genesis_hide_footer_widgets":false,"_genesis_custom_body_class":"","_genesis_custom_post_class":"","_genesis_layout":"","footnotes":""},"class_list":{"0":"post-1684","1":"page","2":"type-page","3":"status-publish","4":"has-post-thumbnail","6":"entry"},"acf":[],"featured_image_src":"https:\/\/hu.andersen.com\/wp-content\/uploads\/2020\/06\/09-events-dark-3.jpg","yoast_head":"<!-- This site is optimized with the Yoast SEO Premium plugin v27.4 (Yoast SEO v27.4) - https:\/\/yoast.com\/product\/yoast-seo-premium-wordpress\/ -->\n<title>Esem\u00e9nyek, szakmai rendezv\u00e9nyek - Andersen Magyarorsz\u00e1g<\/title>\n<meta name=\"description\" content=\"Az Andersen Magyarorsz\u00e1g \u00e1ltal szervezett esem\u00e9nyek, szakmai rendezv\u00e9nyek, webinarok, \u00fczleti reggelik \u00e9s kerekasztal besz\u00e9lget\u00e9sek ad\u00f3z\u00e1si \u00e9s jogi t\u00e9m\u00e1kban.\" \/>\n<meta name=\"robots\" content=\"index, follow, max-snippet:-1, max-image-preview:large, max-video-preview:-1\" \/>\n<link rel=\"canonical\" href=\"https:\/\/hu.andersen.com\/events\/\" \/>\n<meta property=\"og:locale\" content=\"hu_HU\" \/>\n<meta property=\"og:type\" content=\"article\" \/>\n<meta property=\"og:title\" content=\"Esem\u00e9nyek\" \/>\n<meta property=\"og:description\" content=\"Az Andersen Magyarorsz\u00e1g \u00e1ltal szervezett esem\u00e9nyek, szakmai rendezv\u00e9nyek, webinarok, \u00fczleti reggelik \u00e9s kerekasztal besz\u00e9lget\u00e9sek ad\u00f3z\u00e1si \u00e9s jogi t\u00e9m\u00e1kban.\" \/>\n<meta property=\"og:url\" content=\"https:\/\/hu.andersen.com\/events\/\" \/>\n<meta property=\"og:site_name\" content=\"Andersen Magyarorsz\u00e1g\" \/>\n<meta property=\"article:modified_time\" content=\"2021-12-03T14:15:22+00:00\" \/>\n<meta property=\"og:image\" content=\"https:\/\/hu.andersen.com\/wp-content\/uploads\/2020\/06\/09-events-dark-3.jpg\" \/>\n\t<meta property=\"og:image:width\" content=\"1170\" \/>\n\t<meta property=\"og:image:height\" content=\"270\" \/>\n\t<meta property=\"og:image:type\" content=\"image\/jpeg\" \/>\n<meta name=\"twitter:card\" content=\"summary_large_image\" \/>\n<meta name=\"twitter:label1\" content=\"Becs\u00fclt olvas\u00e1si id\u0151\" \/>\n\t<meta name=\"twitter:data1\" content=\"1 perc\" \/>\n<script type=\"application\/ld+json\" class=\"yoast-schema-graph\">{\"@context\":\"https:\\\/\\\/schema.org\",\"@graph\":[{\"@type\":\"WebPage\",\"@id\":\"https:\\\/\\\/hu.andersen.com\\\/events\\\/\",\"url\":\"https:\\\/\\\/hu.andersen.com\\\/events\\\/\",\"name\":\"Esem\u00e9nyek, szakmai rendezv\u00e9nyek - Andersen Magyarorsz\u00e1g\",\"isPartOf\":{\"@id\":\"https:\\\/\\\/hu.andersen.com\\\/#website\"},\"primaryImageOfPage\":{\"@id\":\"https:\\\/\\\/hu.andersen.com\\\/events\\\/#primaryimage\"},\"image\":{\"@id\":\"https:\\\/\\\/hu.andersen.com\\\/events\\\/#primaryimage\"},\"thumbnailUrl\":\"https:\\\/\\\/hu.andersen.com\\\/wp-content\\\/uploads\\\/2020\\\/06\\\/09-events-dark-3.jpg\",\"datePublished\":\"2020-06-17T20:25:51+00:00\",\"dateModified\":\"2021-12-03T14:15:22+00:00\",\"description\":\"Az Andersen Magyarorsz\u00e1g \u00e1ltal szervezett esem\u00e9nyek, szakmai rendezv\u00e9nyek, webinarok, \u00fczleti reggelik \u00e9s kerekasztal besz\u00e9lget\u00e9sek ad\u00f3z\u00e1si \u00e9s jogi t\u00e9m\u00e1kban.\",\"breadcrumb\":{\"@id\":\"https:\\\/\\\/hu.andersen.com\\\/events\\\/#breadcrumb\"},\"inLanguage\":\"hu\",\"potentialAction\":[{\"@type\":\"ReadAction\",\"target\":[\"https:\\\/\\\/hu.andersen.com\\\/events\\\/\"]}]},{\"@type\":\"ImageObject\",\"inLanguage\":\"hu\",\"@id\":\"https:\\\/\\\/hu.andersen.com\\\/events\\\/#primaryimage\",\"url\":\"https:\\\/\\\/hu.andersen.com\\\/wp-content\\\/uploads\\\/2020\\\/06\\\/09-events-dark-3.jpg\",\"contentUrl\":\"https:\\\/\\\/hu.andersen.com\\\/wp-content\\\/uploads\\\/2020\\\/06\\\/09-events-dark-3.jpg\",\"width\":1170,\"height\":270},{\"@type\":\"BreadcrumbList\",\"@id\":\"https:\\\/\\\/hu.andersen.com\\\/events\\\/#breadcrumb\",\"itemListElement\":[{\"@type\":\"ListItem\",\"position\":1,\"name\":\"Kezd\u0151lap\",\"item\":\"https:\\\/\\\/hu.andersen.com\\\/hu\\\/\"},{\"@type\":\"ListItem\",\"position\":2,\"name\":\"Esem\u00e9nyek\"}]},{\"@type\":\"WebSite\",\"@id\":\"https:\\\/\\\/hu.andersen.com\\\/#website\",\"url\":\"https:\\\/\\\/hu.andersen.com\\\/\",\"name\":\"Andersen In Hungary\",\"description\":\"Ad\u00f3tan\u00e1csad\u00e1s \u00e9s jogi tan\u00e1csad\u00e1s\",\"potentialAction\":[{\"@type\":\"SearchAction\",\"target\":{\"@type\":\"EntryPoint\",\"urlTemplate\":\"https:\\\/\\\/hu.andersen.com\\\/?s={search_term_string}\"},\"query-input\":{\"@type\":\"PropertyValueSpecification\",\"valueRequired\":true,\"valueName\":\"search_term_string\"}}],\"inLanguage\":\"hu\"}]}<\/script>\n<!-- \/ Yoast SEO Premium plugin. -->","yoast_head_json":{"title":"Esem\u00e9nyek, szakmai rendezv\u00e9nyek - Andersen Magyarorsz\u00e1g","description":"Az Andersen Magyarorsz\u00e1g \u00e1ltal szervezett esem\u00e9nyek, szakmai rendezv\u00e9nyek, webinarok, \u00fczleti reggelik \u00e9s kerekasztal besz\u00e9lget\u00e9sek ad\u00f3z\u00e1si \u00e9s jogi t\u00e9m\u00e1kban.","robots":{"index":"index","follow":"follow","max-snippet":"max-snippet:-1","max-image-preview":"max-image-preview:large","max-video-preview":"max-video-preview:-1"},"canonical":"https:\/\/hu.andersen.com\/events\/","og_locale":"hu_HU","og_type":"article","og_title":"Esem\u00e9nyek","og_description":"Az Andersen Magyarorsz\u00e1g \u00e1ltal szervezett esem\u00e9nyek, szakmai rendezv\u00e9nyek, webinarok, \u00fczleti reggelik \u00e9s kerekasztal besz\u00e9lget\u00e9sek ad\u00f3z\u00e1si \u00e9s jogi t\u00e9m\u00e1kban.","og_url":"https:\/\/hu.andersen.com\/events\/","og_site_name":"Andersen Magyarorsz\u00e1g","article_modified_time":"2021-12-03T14:15:22+00:00","og_image":[{"width":1170,"height":270,"url":"https:\/\/hu.andersen.com\/wp-content\/uploads\/2020\/06\/09-events-dark-3.jpg","type":"image\/jpeg"}],"twitter_card":"summary_large_image","twitter_misc":{"Becs\u00fclt olvas\u00e1si id\u0151":"1 perc"},"schema":{"@context":"https:\/\/schema.org","@graph":[{"@type":"WebPage","@id":"https:\/\/hu.andersen.com\/events\/","url":"https:\/\/hu.andersen.com\/events\/","name":"Esem\u00e9nyek, szakmai rendezv\u00e9nyek - Andersen Magyarorsz\u00e1g","isPartOf":{"@id":"https:\/\/hu.andersen.com\/#website"},"primaryImageOfPage":{"@id":"https:\/\/hu.andersen.com\/events\/#primaryimage"},"image":{"@id":"https:\/\/hu.andersen.com\/events\/#primaryimage"},"thumbnailUrl":"https:\/\/hu.andersen.com\/wp-content\/uploads\/2020\/06\/09-events-dark-3.jpg","datePublished":"2020-06-17T20:25:51+00:00","dateModified":"2021-12-03T14:15:22+00:00","description":"Az Andersen Magyarorsz\u00e1g \u00e1ltal szervezett esem\u00e9nyek, szakmai rendezv\u00e9nyek, webinarok, \u00fczleti reggelik \u00e9s kerekasztal besz\u00e9lget\u00e9sek ad\u00f3z\u00e1si \u00e9s jogi t\u00e9m\u00e1kban.","breadcrumb":{"@id":"https:\/\/hu.andersen.com\/events\/#breadcrumb"},"inLanguage":"hu","potentialAction":[{"@type":"ReadAction","target":["https:\/\/hu.andersen.com\/events\/"]}]},{"@type":"ImageObject","inLanguage":"hu","@id":"https:\/\/hu.andersen.com\/events\/#primaryimage","url":"https:\/\/hu.andersen.com\/wp-content\/uploads\/2020\/06\/09-events-dark-3.jpg","contentUrl":"https:\/\/hu.andersen.com\/wp-content\/uploads\/2020\/06\/09-events-dark-3.jpg","width":1170,"height":270},{"@type":"BreadcrumbList","@id":"https:\/\/hu.andersen.com\/events\/#breadcrumb","itemListElement":[{"@type":"ListItem","position":1,"name":"Kezd\u0151lap","item":"https:\/\/hu.andersen.com\/hu\/"},{"@type":"ListItem","position":2,"name":"Esem\u00e9nyek"}]},{"@type":"WebSite","@id":"https:\/\/hu.andersen.com\/#website","url":"https:\/\/hu.andersen.com\/","name":"Andersen In Hungary","description":"Ad\u00f3tan\u00e1csad\u00e1s \u00e9s jogi tan\u00e1csad\u00e1s","potentialAction":[{"@type":"SearchAction","target":{"@type":"EntryPoint","urlTemplate":"https:\/\/hu.andersen.com\/?s={search_term_string}"},"query-input":{"@type":"PropertyValueSpecification","valueRequired":true,"valueName":"search_term_string"}}],"inLanguage":"hu"}]}},"_links":{"self":[{"href":"https:\/\/hu.andersen.com\/hu\/wp-json\/wp\/v2\/pages\/1684","targetHints":{"allow":["GET"]}}],"collection":[{"href":"https:\/\/hu.andersen.com\/hu\/wp-json\/wp\/v2\/pages"}],"about":[{"href":"https:\/\/hu.andersen.com\/hu\/wp-json\/wp\/v2\/types\/page"}],"author":[{"embeddable":true,"href":"https:\/\/hu.andersen.com\/hu\/wp-json\/wp\/v2\/users\/103"}],"replies":[{"embeddable":true,"href":"https:\/\/hu.andersen.com\/hu\/wp-json\/wp\/v2\/comments?post=1684"}],"version-history":[{"count":1,"href":"https:\/\/hu.andersen.com\/hu\/wp-json\/wp\/v2\/pages\/1684\/revisions"}],"predecessor-version":[{"id":5984,"href":"https:\/\/hu.andersen.com\/hu\/wp-json\/wp\/v2\/pages\/1684\/revisions\/5984"}],"wp:featuredmedia":[{"embeddable":true,"href":"https:\/\/hu.andersen.com\/hu\/wp-json\/wp\/v2\/media\/2208"}],"wp:attachment":[{"href":"https:\/\/hu.andersen.com\/hu\/wp-json\/wp\/v2\/media?parent=1684"}],"curies":[{"name":"wp","href":"https:\/\/api.w.org\/{rel}","templated":true}]}}