{"id":1688,"date":"2020-06-17T22:26:57","date_gmt":"2020-06-17T20:26:57","guid":{"rendered":"https:\/\/hu.andersen.com\/?page_id=1688"},"modified":"2021-12-03T15:15:37","modified_gmt":"2021-12-03T14:15:37","slug":"kiadvanyok","status":"publish","type":"page","link":"https:\/\/hu.andersen.com\/hu\/kiadvanyok\/","title":{"rendered":"Kiadv\u00e1nyok"},"content":{"rendered":"\t\t<section class=\"news-items-horizontal andersen-loop-fix\">\n\t\t\t<ul class=\"row\">\n\t\t\t\t\t\t\t\t\t\t\t\t\t\t<li class=\"column large-3 medium-6 small-12 post-8492 post type-post status-publish format-standard has-post-thumbnail category-kiadvanyok tag-slider-2 entry\">\n\t\t\t\t\t\t\t\t\t\t\t\t\t<a href=\"https:\/\/hu.andersen.com\/hu\/kiadvanyok\/az-egyedi-kormanydontesen-alapulo-tamogatasok-rendszere\/\"><img loading=\"lazy\" decoding=\"async\" width=\"300\" height=\"143\" src=\"https:\/\/hu.andersen.com\/wp-content\/uploads\/2023\/05\/parlament-300x143.jpg\" class=\"attachment-medium size-medium wp-post-image\" alt=\"\" srcset=\"https:\/\/hu.andersen.com\/wp-content\/uploads\/2023\/05\/parlament-300x143.jpg 300w, https:\/\/hu.andersen.com\/wp-content\/uploads\/2023\/05\/parlament-1024x487.jpg 1024w, https:\/\/hu.andersen.com\/wp-content\/uploads\/2023\/05\/parlament-768x365.jpg 768w, https:\/\/hu.andersen.com\/wp-content\/uploads\/2023\/05\/parlament-1536x731.jpg 1536w, https:\/\/hu.andersen.com\/wp-content\/uploads\/2023\/05\/parlament.jpg 1640w\" sizes=\"auto, (max-width: 300px) 100vw, 300px\" \/><\/a>\n\t\t\t\t\t\t\t\t\t\t\t\t<h3 class=\"title\">Az egyedi korm\u00e1nyd\u00f6nt\u00e9sen alapul\u00f3 t\u00e1mogat\u00e1sok rendszere<\/h3>\n\t\t\t\t\t\t<p>Az Andersen kiadv\u00e1nya a szab\u00e1lyoz\u00e1s ismertet\u00e9se mellett v\u00e1laszt ad az EKD-t\u00e1mogat\u00e1sokkal kapcsolatos fontosabb k\u00e9rd\u00e9sekre.<\/p>\n\t\t\t\t\t\t<a href=\"https:\/\/hu.andersen.com\/hu\/kiadvanyok\/az-egyedi-kormanydontesen-alapulo-tamogatasok-rendszere\/\" class=\"button cta hollow-dark\">Tov\u00e1bb<\/a>\n\t\t\t\t\t<\/li>\n\t\t\t\t\t\t\t\t\t\t\t\t\t\t<li class=\"column large-3 medium-6 small-12 post-8452 post type-post status-publish format-standard has-post-thumbnail category-kiadvanyok tag-slider-2 entry\">\n\t\t\t\t\t\t\t\t\t\t\t\t\t<a href=\"https:\/\/hu.andersen.com\/hu\/kiadvanyok\/a-magyar-transzferar-szabalyokrol-roviden\/\"><img loading=\"lazy\" decoding=\"async\" width=\"300\" height=\"143\" src=\"https:\/\/hu.andersen.com\/wp-content\/uploads\/2023\/05\/transzferar-300x143.jpg\" class=\"attachment-medium size-medium wp-post-image\" alt=\"\" srcset=\"https:\/\/hu.andersen.com\/wp-content\/uploads\/2023\/05\/transzferar-300x143.jpg 300w, https:\/\/hu.andersen.com\/wp-content\/uploads\/2023\/05\/transzferar-1024x487.jpg 1024w, https:\/\/hu.andersen.com\/wp-content\/uploads\/2023\/05\/transzferar-768x365.jpg 768w, https:\/\/hu.andersen.com\/wp-content\/uploads\/2023\/05\/transzferar-1536x731.jpg 1536w, https:\/\/hu.andersen.com\/wp-content\/uploads\/2023\/05\/transzferar.jpg 1640w\" sizes=\"auto, (max-width: 300px) 100vw, 300px\" \/><\/a>\n\t\t\t\t\t\t\t\t\t\t\t\t<h3 class=\"title\">A magyar transzfer\u00e1r szab\u00e1lyokr\u00f3l r\u00f6viden<\/h3>\n\t\t\t\t\t\t<p>Az Andersen \u00e1ttekinthet\u0151 kiadv\u00e1nya hasznos ir\u00e1nymutat\u00e1st ny\u00fajt a v\u00e1llalatcsoportok sz\u00e1m\u00e1ra. <\/p>\n\t\t\t\t\t\t<a href=\"https:\/\/hu.andersen.com\/hu\/kiadvanyok\/a-magyar-transzferar-szabalyokrol-roviden\/\" class=\"button cta hollow-dark\">Tov\u00e1bb<\/a>\n\t\t\t\t\t<\/li>\n\t\t\t\t\t\t\t\t\t\t\t\t\t\t<li class=\"column large-3 medium-6 small-12 post-8067 post type-post status-publish format-standard has-post-thumbnail category-kiadvanyok tag-slider-2 entry\">\n\t\t\t\t\t\t\t\t\t\t\t\t\t<a href=\"https:\/\/hu.andersen.com\/hu\/kiadvanyok\/bemutatkozik-az-andersen\/\"><img loading=\"lazy\" decoding=\"async\" width=\"300\" height=\"143\" src=\"https:\/\/hu.andersen.com\/wp-content\/uploads\/2023\/04\/andersen-kiadvany-film-300x143.png\" class=\"attachment-medium size-medium wp-post-image\" alt=\"\" srcset=\"https:\/\/hu.andersen.com\/wp-content\/uploads\/2023\/04\/andersen-kiadvany-film-300x143.png 300w, https:\/\/hu.andersen.com\/wp-content\/uploads\/2023\/04\/andersen-kiadvany-film-1024x487.png 1024w, https:\/\/hu.andersen.com\/wp-content\/uploads\/2023\/04\/andersen-kiadvany-film-768x365.png 768w, https:\/\/hu.andersen.com\/wp-content\/uploads\/2023\/04\/andersen-kiadvany-film-1536x731.png 1536w, https:\/\/hu.andersen.com\/wp-content\/uploads\/2023\/04\/andersen-kiadvany-film.png 1640w\" sizes=\"auto, (max-width: 300px) 100vw, 300px\" \/><\/a>\n\t\t\t\t\t\t\t\t\t\t\t\t<h3 class=\"title\">Bemutatkozik az Andersen<\/h3>\n\t\t\t\t\t\t<p>Az Andersen Magyarorsz\u00e1g formabont\u00f3, filmes utal\u00e1sokkal telet\u0171zdelt c\u00e9gbemutat\u00f3 kiadv\u00e1nya p\u00e1lyakezd\u0151k r\u00e9sz\u00e9re.<\/p>\n\t\t\t\t\t\t<a href=\"https:\/\/hu.andersen.com\/hu\/kiadvanyok\/bemutatkozik-az-andersen\/\" class=\"button cta hollow-dark\">Tov\u00e1bb<\/a>\n\t\t\t\t\t<\/li>\n\t\t\t\t\t\t\t\t\t\t\t\t\t\t<li class=\"column large-3 medium-6 small-12 post-6017 post type-post status-publish format-standard has-post-thumbnail category-kiadvanyok tag-slider-2 entry\">\n\t\t\t\t\t\t\t\t\t\t\t\t\t<a href=\"https:\/\/hu.andersen.com\/hu\/kiadvanyok\/helyreallitasi-alap-helyreallitasi-es-ellenallokepessegi-eszkoz\/\"><img loading=\"lazy\" decoding=\"async\" width=\"300\" height=\"143\" src=\"https:\/\/hu.andersen.com\/wp-content\/uploads\/2021\/12\/rrf-guide-300x143.png\" class=\"attachment-medium size-medium wp-post-image\" alt=\"\" srcset=\"https:\/\/hu.andersen.com\/wp-content\/uploads\/2021\/12\/rrf-guide-300x143.png 300w, https:\/\/hu.andersen.com\/wp-content\/uploads\/2021\/12\/rrf-guide-1024x487.png 1024w, https:\/\/hu.andersen.com\/wp-content\/uploads\/2021\/12\/rrf-guide-768x365.png 768w, https:\/\/hu.andersen.com\/wp-content\/uploads\/2021\/12\/rrf-guide-1536x731.png 1536w, https:\/\/hu.andersen.com\/wp-content\/uploads\/2021\/12\/rrf-guide.png 1640w\" sizes=\"auto, (max-width: 300px) 100vw, 300px\" \/><\/a>\n\t\t\t\t\t\t\t\t\t\t\t\t<h3 class=\"title\">Helyre\u00e1ll\u00edt\u00e1si Alap &#8211; Helyre\u00e1ll\u00edt\u00e1si \u00e9s Ellen\u00e1ll\u00f3k\u00e9pess\u00e9gi Eszk\u00f6z<\/h3>\n\t\t\t\t\t\t<p>Az Eur\u00f3pai Uni\u00f3 g\u0151zer\u0151vel dolgozik egy \u00faj, speci\u00e1lis finansz\u00edroz\u00e1si program elind\u00edt\u00e1s\u00e1n, amely technikailag egy helyre\u00e1ll\u00edt\u00e1s alapnak tekinthet\u0151. <\/p>\n\t\t\t\t\t\t<a href=\"https:\/\/hu.andersen.com\/hu\/kiadvanyok\/helyreallitasi-alap-helyreallitasi-es-ellenallokepessegi-eszkoz\/\" class=\"button cta hollow-dark\">Tov\u00e1bb<\/a>\n\t\t\t\t\t<\/li>\n\t\t\t\t\t\t\t\t\t\t\t\t\t\t<li class=\"column large-3 medium-6 small-12 post-5063 post type-post status-publish format-standard has-post-thumbnail category-kiadvanyok tag-slider-2 entry\">\n\t\t\t\t\t\t\t\t\t\t\t\t\t<a href=\"https:\/\/hu.andersen.com\/hu\/kiadvanyok\/utmutato-az-europai-elbocsatasi-szabalyokhoz\/\"><img loading=\"lazy\" decoding=\"async\" width=\"300\" height=\"143\" src=\"https:\/\/hu.andersen.com\/wp-content\/uploads\/2021\/03\/dismissals-guide-300x143.jpg\" class=\"attachment-medium size-medium wp-post-image\" alt=\"\" srcset=\"https:\/\/hu.andersen.com\/wp-content\/uploads\/2021\/03\/dismissals-guide-300x143.jpg 300w, https:\/\/hu.andersen.com\/wp-content\/uploads\/2021\/03\/dismissals-guide-1024x487.jpg 1024w, https:\/\/hu.andersen.com\/wp-content\/uploads\/2021\/03\/dismissals-guide-768x365.jpg 768w, https:\/\/hu.andersen.com\/wp-content\/uploads\/2021\/03\/dismissals-guide-1536x731.jpg 1536w, https:\/\/hu.andersen.com\/wp-content\/uploads\/2021\/03\/dismissals-guide.jpg 1640w\" sizes=\"auto, (max-width: 300px) 100vw, 300px\" \/><\/a>\n\t\t\t\t\t\t\t\t\t\t\t\t<h3 class=\"title\">\u00datmutat\u00f3 az eur\u00f3pai elbocs\u00e1t\u00e1si szab\u00e1lyokhoz<\/h3>\n\t\t\t\t\t\t<p>Az Andersen Eur\u00f3pai Munkajogi Csoportja \u00e1ltal kidolgozott dokumentum seg\u00edt eligazodni az uni\u00f3 tag\u00e1llamainak elt\u00e9r\u0151 rendelkez\u00e9sei k\u00f6z\u00f6tt.<\/p>\n\t\t\t\t\t\t<a href=\"https:\/\/hu.andersen.com\/hu\/kiadvanyok\/utmutato-az-europai-elbocsatasi-szabalyokhoz\/\" class=\"button cta hollow-dark\">Tov\u00e1bb<\/a>\n\t\t\t\t\t<\/li>\n\t\t\t\t\t\t\t\t\t\t\t\t\t\t<li class=\"column large-3 medium-6 small-12 post-4814 post type-post status-publish format-standard has-post-thumbnail category-kiadvanyok tag-slider-2 entry\">\n\t\t\t\t\t\t\t\t\t\t\t\t\t<a href=\"https:\/\/hu.andersen.com\/hu\/kiadvanyok\/letoltheto-a-2021-es-adotorveny-valtozasokat-osszefoglalo-kiadvanyunk\/\"><img loading=\"lazy\" decoding=\"async\" width=\"300\" height=\"143\" src=\"https:\/\/hu.andersen.com\/wp-content\/uploads\/2020\/10\/adotorveny-tervezetek-2021-300x143.jpg\" class=\"attachment-medium size-medium wp-post-image\" alt=\"\" srcset=\"https:\/\/hu.andersen.com\/wp-content\/uploads\/2020\/10\/adotorveny-tervezetek-2021-300x143.jpg 300w, https:\/\/hu.andersen.com\/wp-content\/uploads\/2020\/10\/adotorveny-tervezetek-2021-1024x487.jpg 1024w, https:\/\/hu.andersen.com\/wp-content\/uploads\/2020\/10\/adotorveny-tervezetek-2021-768x365.jpg 768w, https:\/\/hu.andersen.com\/wp-content\/uploads\/2020\/10\/adotorveny-tervezetek-2021-1536x731.jpg 1536w, https:\/\/hu.andersen.com\/wp-content\/uploads\/2020\/10\/adotorveny-tervezetek-2021.jpg 1640w\" sizes=\"auto, (max-width: 300px) 100vw, 300px\" \/><\/a>\n\t\t\t\t\t\t\t\t\t\t\t\t<h3 class=\"title\">Let\u00f6lthet\u0151 a 2021-es ad\u00f3t\u00f6rv\u00e9ny-v\u00e1ltoz\u00e1sokat \u00f6sszefoglal\u00f3 kiadv\u00e1nyunk<\/h3>\n\t\t\t\t\t\t<p>Kiadv\u00e1nyunkban \u00f6sszefoglaltuk a tavaly ny\u00e1ron, illetve \u0151sszel elfogadott ad\u00f3m\u00f3dos\u00edt\u00e1sokat. <\/p>\n\t\t\t\t\t\t<a href=\"https:\/\/hu.andersen.com\/hu\/kiadvanyok\/letoltheto-a-2021-es-adotorveny-valtozasokat-osszefoglalo-kiadvanyunk\/\" class=\"button cta hollow-dark\">Tov\u00e1bb<\/a>\n\t\t\t\t\t<\/li>\n\t\t\t\t\t\t\t<\/ul>\n\t\t\t<div class=\"row\">\n\t\t\t\t<nav class=\"pagination\">\n\t\t\t\t\t\t\t\t\t<\/nav>\n\t\t\t<\/div>\n\t\t<\/section>\n\t\t\n","protected":false},"excerpt":{"rendered":"<\/p>\n","protected":false},"author":103,"featured_media":2197,"parent":0,"menu_order":0,"comment_status":"closed","ping_status":"closed","template":"templates\/page_inner_services.php","meta":{"_acf_changed":false,"_genesis_hide_title":false,"_genesis_hide_breadcrumbs":false,"_genesis_hide_singular_image":false,"_genesis_hide_footer_widgets":false,"_genesis_custom_body_class":"","_genesis_custom_post_class":"","_genesis_layout":"","footnotes":""},"class_list":{"0":"post-1688","1":"page","2":"type-page","3":"status-publish","4":"has-post-thumbnail","6":"entry"},"acf":[],"featured_image_src":"https:\/\/hu.andersen.com\/wp-content\/uploads\/2020\/06\/08-publications-dark.jpg","yoast_head":"<!-- This site is optimized with the Yoast SEO Premium plugin v27.4 (Yoast SEO v27.4) - https:\/\/yoast.com\/product\/yoast-seo-premium-wordpress\/ -->\n<title>Kiadv\u00e1nyok, \u00fatmutat\u00f3k, t\u00e1j\u00e9koztat\u00f3k - Andersen Magyarorsz\u00e1g<\/title>\n<meta name=\"description\" content=\"Az Andersen Magyarorsz\u00e1g szak\u00e9rt\u0151i \u00e1ltal \u00f6ssze\u00e1ll\u00edtott ingyenes szakmai kiadv\u00e1nyok, \u00fatmutat\u00f3k \u00e9s t\u00e1j\u00e9koztat\u00f3k gazdas\u00e1gi, ad\u00f3z\u00e1si \u00e9s jogi t\u00e9m\u00e1kban.\" \/>\n<meta name=\"robots\" content=\"index, follow, max-snippet:-1, max-image-preview:large, max-video-preview:-1\" \/>\n<link rel=\"canonical\" href=\"https:\/\/hu.andersen.com\/publications\/\" \/>\n<meta property=\"og:locale\" content=\"hu_HU\" \/>\n<meta property=\"og:type\" content=\"article\" \/>\n<meta property=\"og:title\" content=\"Kiadv\u00e1nyok\" \/>\n<meta property=\"og:description\" content=\"Az Andersen Magyarorsz\u00e1g szak\u00e9rt\u0151i \u00e1ltal \u00f6ssze\u00e1ll\u00edtott ingyenes szakmai kiadv\u00e1nyok, \u00fatmutat\u00f3k \u00e9s t\u00e1j\u00e9koztat\u00f3k gazdas\u00e1gi, ad\u00f3z\u00e1si \u00e9s jogi t\u00e9m\u00e1kban.\" \/>\n<meta property=\"og:url\" content=\"https:\/\/hu.andersen.com\/publications\/\" \/>\n<meta property=\"og:site_name\" content=\"Andersen Magyarorsz\u00e1g\" \/>\n<meta property=\"article:modified_time\" content=\"2021-12-03T14:15:37+00:00\" \/>\n<meta property=\"og:image\" content=\"https:\/\/hu.andersen.com\/wp-content\/uploads\/2020\/06\/08-publications-dark.jpg\" \/>\n\t<meta property=\"og:image:width\" content=\"1170\" \/>\n\t<meta property=\"og:image:height\" content=\"270\" \/>\n\t<meta property=\"og:image:type\" content=\"image\/jpeg\" \/>\n<meta name=\"twitter:card\" content=\"summary_large_image\" \/>\n<meta name=\"twitter:label1\" content=\"Becs\u00fclt olvas\u00e1si id\u0151\" \/>\n\t<meta name=\"twitter:data1\" content=\"1 perc\" \/>\n<script type=\"application\/ld+json\" class=\"yoast-schema-graph\">{\"@context\":\"https:\\\/\\\/schema.org\",\"@graph\":[{\"@type\":\"WebPage\",\"@id\":\"https:\\\/\\\/hu.andersen.com\\\/publications\\\/\",\"url\":\"https:\\\/\\\/hu.andersen.com\\\/publications\\\/\",\"name\":\"Kiadv\u00e1nyok, \u00fatmutat\u00f3k, t\u00e1j\u00e9koztat\u00f3k - Andersen Magyarorsz\u00e1g\",\"isPartOf\":{\"@id\":\"https:\\\/\\\/hu.andersen.com\\\/#website\"},\"primaryImageOfPage\":{\"@id\":\"https:\\\/\\\/hu.andersen.com\\\/publications\\\/#primaryimage\"},\"image\":{\"@id\":\"https:\\\/\\\/hu.andersen.com\\\/publications\\\/#primaryimage\"},\"thumbnailUrl\":\"https:\\\/\\\/hu.andersen.com\\\/wp-content\\\/uploads\\\/2020\\\/06\\\/08-publications-dark.jpg\",\"datePublished\":\"2020-06-17T20:26:57+00:00\",\"dateModified\":\"2021-12-03T14:15:37+00:00\",\"description\":\"Az Andersen Magyarorsz\u00e1g szak\u00e9rt\u0151i \u00e1ltal \u00f6ssze\u00e1ll\u00edtott ingyenes szakmai kiadv\u00e1nyok, \u00fatmutat\u00f3k \u00e9s t\u00e1j\u00e9koztat\u00f3k gazdas\u00e1gi, ad\u00f3z\u00e1si \u00e9s jogi t\u00e9m\u00e1kban.\",\"breadcrumb\":{\"@id\":\"https:\\\/\\\/hu.andersen.com\\\/publications\\\/#breadcrumb\"},\"inLanguage\":\"hu\",\"potentialAction\":[{\"@type\":\"ReadAction\",\"target\":[\"https:\\\/\\\/hu.andersen.com\\\/publications\\\/\"]}]},{\"@type\":\"ImageObject\",\"inLanguage\":\"hu\",\"@id\":\"https:\\\/\\\/hu.andersen.com\\\/publications\\\/#primaryimage\",\"url\":\"https:\\\/\\\/hu.andersen.com\\\/wp-content\\\/uploads\\\/2020\\\/06\\\/08-publications-dark.jpg\",\"contentUrl\":\"https:\\\/\\\/hu.andersen.com\\\/wp-content\\\/uploads\\\/2020\\\/06\\\/08-publications-dark.jpg\",\"width\":1170,\"height\":270},{\"@type\":\"BreadcrumbList\",\"@id\":\"https:\\\/\\\/hu.andersen.com\\\/publications\\\/#breadcrumb\",\"itemListElement\":[{\"@type\":\"ListItem\",\"position\":1,\"name\":\"Kezd\u0151lap\",\"item\":\"https:\\\/\\\/hu.andersen.com\\\/hu\\\/\"},{\"@type\":\"ListItem\",\"position\":2,\"name\":\"Kiadv\u00e1nyok\"}]},{\"@type\":\"WebSite\",\"@id\":\"https:\\\/\\\/hu.andersen.com\\\/#website\",\"url\":\"https:\\\/\\\/hu.andersen.com\\\/\",\"name\":\"Andersen In Hungary\",\"description\":\"Ad\u00f3tan\u00e1csad\u00e1s \u00e9s jogi tan\u00e1csad\u00e1s\",\"potentialAction\":[{\"@type\":\"SearchAction\",\"target\":{\"@type\":\"EntryPoint\",\"urlTemplate\":\"https:\\\/\\\/hu.andersen.com\\\/?s={search_term_string}\"},\"query-input\":{\"@type\":\"PropertyValueSpecification\",\"valueRequired\":true,\"valueName\":\"search_term_string\"}}],\"inLanguage\":\"hu\"}]}<\/script>\n<!-- \/ Yoast SEO Premium plugin. -->","yoast_head_json":{"title":"Kiadv\u00e1nyok, \u00fatmutat\u00f3k, t\u00e1j\u00e9koztat\u00f3k - Andersen Magyarorsz\u00e1g","description":"Az Andersen Magyarorsz\u00e1g szak\u00e9rt\u0151i \u00e1ltal \u00f6ssze\u00e1ll\u00edtott ingyenes szakmai kiadv\u00e1nyok, \u00fatmutat\u00f3k \u00e9s t\u00e1j\u00e9koztat\u00f3k gazdas\u00e1gi, ad\u00f3z\u00e1si \u00e9s jogi t\u00e9m\u00e1kban.","robots":{"index":"index","follow":"follow","max-snippet":"max-snippet:-1","max-image-preview":"max-image-preview:large","max-video-preview":"max-video-preview:-1"},"canonical":"https:\/\/hu.andersen.com\/publications\/","og_locale":"hu_HU","og_type":"article","og_title":"Kiadv\u00e1nyok","og_description":"Az Andersen Magyarorsz\u00e1g szak\u00e9rt\u0151i \u00e1ltal \u00f6ssze\u00e1ll\u00edtott ingyenes szakmai kiadv\u00e1nyok, \u00fatmutat\u00f3k \u00e9s t\u00e1j\u00e9koztat\u00f3k gazdas\u00e1gi, ad\u00f3z\u00e1si \u00e9s jogi t\u00e9m\u00e1kban.","og_url":"https:\/\/hu.andersen.com\/publications\/","og_site_name":"Andersen Magyarorsz\u00e1g","article_modified_time":"2021-12-03T14:15:37+00:00","og_image":[{"width":1170,"height":270,"url":"https:\/\/hu.andersen.com\/wp-content\/uploads\/2020\/06\/08-publications-dark.jpg","type":"image\/jpeg"}],"twitter_card":"summary_large_image","twitter_misc":{"Becs\u00fclt olvas\u00e1si id\u0151":"1 perc"},"schema":{"@context":"https:\/\/schema.org","@graph":[{"@type":"WebPage","@id":"https:\/\/hu.andersen.com\/publications\/","url":"https:\/\/hu.andersen.com\/publications\/","name":"Kiadv\u00e1nyok, \u00fatmutat\u00f3k, t\u00e1j\u00e9koztat\u00f3k - Andersen Magyarorsz\u00e1g","isPartOf":{"@id":"https:\/\/hu.andersen.com\/#website"},"primaryImageOfPage":{"@id":"https:\/\/hu.andersen.com\/publications\/#primaryimage"},"image":{"@id":"https:\/\/hu.andersen.com\/publications\/#primaryimage"},"thumbnailUrl":"https:\/\/hu.andersen.com\/wp-content\/uploads\/2020\/06\/08-publications-dark.jpg","datePublished":"2020-06-17T20:26:57+00:00","dateModified":"2021-12-03T14:15:37+00:00","description":"Az Andersen Magyarorsz\u00e1g szak\u00e9rt\u0151i \u00e1ltal \u00f6ssze\u00e1ll\u00edtott ingyenes szakmai kiadv\u00e1nyok, \u00fatmutat\u00f3k \u00e9s t\u00e1j\u00e9koztat\u00f3k gazdas\u00e1gi, ad\u00f3z\u00e1si \u00e9s jogi t\u00e9m\u00e1kban.","breadcrumb":{"@id":"https:\/\/hu.andersen.com\/publications\/#breadcrumb"},"inLanguage":"hu","potentialAction":[{"@type":"ReadAction","target":["https:\/\/hu.andersen.com\/publications\/"]}]},{"@type":"ImageObject","inLanguage":"hu","@id":"https:\/\/hu.andersen.com\/publications\/#primaryimage","url":"https:\/\/hu.andersen.com\/wp-content\/uploads\/2020\/06\/08-publications-dark.jpg","contentUrl":"https:\/\/hu.andersen.com\/wp-content\/uploads\/2020\/06\/08-publications-dark.jpg","width":1170,"height":270},{"@type":"BreadcrumbList","@id":"https:\/\/hu.andersen.com\/publications\/#breadcrumb","itemListElement":[{"@type":"ListItem","position":1,"name":"Kezd\u0151lap","item":"https:\/\/hu.andersen.com\/hu\/"},{"@type":"ListItem","position":2,"name":"Kiadv\u00e1nyok"}]},{"@type":"WebSite","@id":"https:\/\/hu.andersen.com\/#website","url":"https:\/\/hu.andersen.com\/","name":"Andersen In Hungary","description":"Ad\u00f3tan\u00e1csad\u00e1s \u00e9s jogi tan\u00e1csad\u00e1s","potentialAction":[{"@type":"SearchAction","target":{"@type":"EntryPoint","urlTemplate":"https:\/\/hu.andersen.com\/?s={search_term_string}"},"query-input":{"@type":"PropertyValueSpecification","valueRequired":true,"valueName":"search_term_string"}}],"inLanguage":"hu"}]}},"_links":{"self":[{"href":"https:\/\/hu.andersen.com\/hu\/wp-json\/wp\/v2\/pages\/1688","targetHints":{"allow":["GET"]}}],"collection":[{"href":"https:\/\/hu.andersen.com\/hu\/wp-json\/wp\/v2\/pages"}],"about":[{"href":"https:\/\/hu.andersen.com\/hu\/wp-json\/wp\/v2\/types\/page"}],"author":[{"embeddable":true,"href":"https:\/\/hu.andersen.com\/hu\/wp-json\/wp\/v2\/users\/103"}],"replies":[{"embeddable":true,"href":"https:\/\/hu.andersen.com\/hu\/wp-json\/wp\/v2\/comments?post=1688"}],"version-history":[{"count":1,"href":"https:\/\/hu.andersen.com\/hu\/wp-json\/wp\/v2\/pages\/1688\/revisions"}],"predecessor-version":[{"id":5985,"href":"https:\/\/hu.andersen.com\/hu\/wp-json\/wp\/v2\/pages\/1688\/revisions\/5985"}],"wp:featuredmedia":[{"embeddable":true,"href":"https:\/\/hu.andersen.com\/hu\/wp-json\/wp\/v2\/media\/2197"}],"wp:attachment":[{"href":"https:\/\/hu.andersen.com\/hu\/wp-json\/wp\/v2\/media?parent=1688"}],"curies":[{"name":"wp","href":"https:\/\/api.w.org\/{rel}","templated":true}]}}