{"id":1780,"date":"2020-06-18T16:46:36","date_gmt":"2020-06-18T14:46:36","guid":{"rendered":"https:\/\/hu.andersen.com\/?page_id=1780"},"modified":"2024-09-18T13:58:56","modified_gmt":"2024-09-18T11:58:56","slug":"doing-business-in-hungary","status":"publish","type":"page","link":"https:\/\/hu.andersen.com\/hu\/doing-business-in-hungary\/","title":{"rendered":"Doing Business in Hungary"},"content":{"rendered":"<iframe style=\"width:1150px;height:900px\" src=\"https:\/\/online.fliphtml5.com\/kzseo\/zqsw\/\" seamless=\"seamless\" scrolling=\"no\" frameborder=\"0\" allowtransparency=\"true\" allowfullscreen=\"true\"><\/iframe>\n","protected":false},"excerpt":{"rendered":"<\/p>\n","protected":false},"author":2,"featured_media":5951,"parent":0,"menu_order":0,"comment_status":"closed","ping_status":"closed","template":"templates\/page_inner_services.php","meta":{"_acf_changed":false,"_genesis_hide_title":false,"_genesis_hide_breadcrumbs":false,"_genesis_hide_singular_image":false,"_genesis_hide_footer_widgets":false,"_genesis_custom_body_class":"","_genesis_custom_post_class":"","_genesis_layout":"","footnotes":""},"class_list":{"0":"post-1780","1":"page","2":"type-page","3":"status-publish","4":"has-post-thumbnail","6":"entry"},"acf":[],"featured_image_src":"https:\/\/hu.andersen.com\/wp-content\/uploads\/2021\/11\/doing-business-2.jpg","yoast_head":"<!-- This site is optimized with the Yoast SEO Premium plugin v27.4 (Yoast SEO v27.4) - https:\/\/yoast.com\/product\/yoast-seo-premium-wordpress\/ -->\n<title>Doing Business in Hungary - Andersen Magyarorsz\u00e1g<\/title>\n<meta name=\"robots\" content=\"index, follow, max-snippet:-1, max-image-preview:large, max-video-preview:-1\" \/>\n<link rel=\"canonical\" href=\"https:\/\/hu.andersen.com\/doing-business-in-hungary\/\" \/>\n<meta property=\"og:locale\" content=\"hu_HU\" \/>\n<meta property=\"og:type\" content=\"article\" \/>\n<meta property=\"og:title\" content=\"Doing Business in Hungary\" \/>\n<meta property=\"og:url\" content=\"https:\/\/hu.andersen.com\/doing-business-in-hungary\/\" \/>\n<meta property=\"og:site_name\" content=\"Andersen Magyarorsz\u00e1g\" \/>\n<meta property=\"article:modified_time\" content=\"2024-09-18T11:58:56+00:00\" \/>\n<meta property=\"og:image\" content=\"https:\/\/hu.andersen.com\/wp-content\/uploads\/2021\/11\/doing-business-2.jpg\" \/>\n\t<meta property=\"og:image:width\" content=\"1170\" \/>\n\t<meta property=\"og:image:height\" content=\"270\" \/>\n\t<meta property=\"og:image:type\" content=\"image\/jpeg\" \/>\n<meta name=\"twitter:card\" content=\"summary_large_image\" \/>\n<script type=\"application\/ld+json\" class=\"yoast-schema-graph\">{\"@context\":\"https:\\\/\\\/schema.org\",\"@graph\":[{\"@type\":\"WebPage\",\"@id\":\"https:\\\/\\\/hu.andersen.com\\\/doing-business-in-hungary\\\/\",\"url\":\"https:\\\/\\\/hu.andersen.com\\\/doing-business-in-hungary\\\/\",\"name\":\"Doing Business in Hungary - Andersen Magyarorsz\u00e1g\",\"isPartOf\":{\"@id\":\"https:\\\/\\\/hu.andersen.com\\\/#website\"},\"primaryImageOfPage\":{\"@id\":\"https:\\\/\\\/hu.andersen.com\\\/doing-business-in-hungary\\\/#primaryimage\"},\"image\":{\"@id\":\"https:\\\/\\\/hu.andersen.com\\\/doing-business-in-hungary\\\/#primaryimage\"},\"thumbnailUrl\":\"https:\\\/\\\/hu.andersen.com\\\/wp-content\\\/uploads\\\/2021\\\/11\\\/doing-business-2.jpg\",\"datePublished\":\"2020-06-18T14:46:36+00:00\",\"dateModified\":\"2024-09-18T11:58:56+00:00\",\"breadcrumb\":{\"@id\":\"https:\\\/\\\/hu.andersen.com\\\/doing-business-in-hungary\\\/#breadcrumb\"},\"inLanguage\":\"hu\",\"potentialAction\":[{\"@type\":\"ReadAction\",\"target\":[\"https:\\\/\\\/hu.andersen.com\\\/doing-business-in-hungary\\\/\"]}]},{\"@type\":\"ImageObject\",\"inLanguage\":\"hu\",\"@id\":\"https:\\\/\\\/hu.andersen.com\\\/doing-business-in-hungary\\\/#primaryimage\",\"url\":\"https:\\\/\\\/hu.andersen.com\\\/wp-content\\\/uploads\\\/2021\\\/11\\\/doing-business-2.jpg\",\"contentUrl\":\"https:\\\/\\\/hu.andersen.com\\\/wp-content\\\/uploads\\\/2021\\\/11\\\/doing-business-2.jpg\",\"width\":1170,\"height\":270},{\"@type\":\"BreadcrumbList\",\"@id\":\"https:\\\/\\\/hu.andersen.com\\\/doing-business-in-hungary\\\/#breadcrumb\",\"itemListElement\":[{\"@type\":\"ListItem\",\"position\":1,\"name\":\"Kezd\u0151lap\",\"item\":\"https:\\\/\\\/hu.andersen.com\\\/hu\\\/\"},{\"@type\":\"ListItem\",\"position\":2,\"name\":\"Doing Business in Hungary\"}]},{\"@type\":\"WebSite\",\"@id\":\"https:\\\/\\\/hu.andersen.com\\\/#website\",\"url\":\"https:\\\/\\\/hu.andersen.com\\\/\",\"name\":\"Andersen In Hungary\",\"description\":\"Ad\u00f3tan\u00e1csad\u00e1s \u00e9s jogi tan\u00e1csad\u00e1s\",\"potentialAction\":[{\"@type\":\"SearchAction\",\"target\":{\"@type\":\"EntryPoint\",\"urlTemplate\":\"https:\\\/\\\/hu.andersen.com\\\/?s={search_term_string}\"},\"query-input\":{\"@type\":\"PropertyValueSpecification\",\"valueRequired\":true,\"valueName\":\"search_term_string\"}}],\"inLanguage\":\"hu\"}]}<\/script>\n<!-- \/ Yoast SEO Premium plugin. -->","yoast_head_json":{"title":"Doing Business in Hungary - Andersen Magyarorsz\u00e1g","robots":{"index":"index","follow":"follow","max-snippet":"max-snippet:-1","max-image-preview":"max-image-preview:large","max-video-preview":"max-video-preview:-1"},"canonical":"https:\/\/hu.andersen.com\/doing-business-in-hungary\/","og_locale":"hu_HU","og_type":"article","og_title":"Doing Business in Hungary","og_url":"https:\/\/hu.andersen.com\/doing-business-in-hungary\/","og_site_name":"Andersen Magyarorsz\u00e1g","article_modified_time":"2024-09-18T11:58:56+00:00","og_image":[{"width":1170,"height":270,"url":"https:\/\/hu.andersen.com\/wp-content\/uploads\/2021\/11\/doing-business-2.jpg","type":"image\/jpeg"}],"twitter_card":"summary_large_image","schema":{"@context":"https:\/\/schema.org","@graph":[{"@type":"WebPage","@id":"https:\/\/hu.andersen.com\/doing-business-in-hungary\/","url":"https:\/\/hu.andersen.com\/doing-business-in-hungary\/","name":"Doing Business in Hungary - Andersen Magyarorsz\u00e1g","isPartOf":{"@id":"https:\/\/hu.andersen.com\/#website"},"primaryImageOfPage":{"@id":"https:\/\/hu.andersen.com\/doing-business-in-hungary\/#primaryimage"},"image":{"@id":"https:\/\/hu.andersen.com\/doing-business-in-hungary\/#primaryimage"},"thumbnailUrl":"https:\/\/hu.andersen.com\/wp-content\/uploads\/2021\/11\/doing-business-2.jpg","datePublished":"2020-06-18T14:46:36+00:00","dateModified":"2024-09-18T11:58:56+00:00","breadcrumb":{"@id":"https:\/\/hu.andersen.com\/doing-business-in-hungary\/#breadcrumb"},"inLanguage":"hu","potentialAction":[{"@type":"ReadAction","target":["https:\/\/hu.andersen.com\/doing-business-in-hungary\/"]}]},{"@type":"ImageObject","inLanguage":"hu","@id":"https:\/\/hu.andersen.com\/doing-business-in-hungary\/#primaryimage","url":"https:\/\/hu.andersen.com\/wp-content\/uploads\/2021\/11\/doing-business-2.jpg","contentUrl":"https:\/\/hu.andersen.com\/wp-content\/uploads\/2021\/11\/doing-business-2.jpg","width":1170,"height":270},{"@type":"BreadcrumbList","@id":"https:\/\/hu.andersen.com\/doing-business-in-hungary\/#breadcrumb","itemListElement":[{"@type":"ListItem","position":1,"name":"Kezd\u0151lap","item":"https:\/\/hu.andersen.com\/hu\/"},{"@type":"ListItem","position":2,"name":"Doing Business in Hungary"}]},{"@type":"WebSite","@id":"https:\/\/hu.andersen.com\/#website","url":"https:\/\/hu.andersen.com\/","name":"Andersen In Hungary","description":"Ad\u00f3tan\u00e1csad\u00e1s \u00e9s jogi tan\u00e1csad\u00e1s","potentialAction":[{"@type":"SearchAction","target":{"@type":"EntryPoint","urlTemplate":"https:\/\/hu.andersen.com\/?s={search_term_string}"},"query-input":{"@type":"PropertyValueSpecification","valueRequired":true,"valueName":"search_term_string"}}],"inLanguage":"hu"}]}},"_links":{"self":[{"href":"https:\/\/hu.andersen.com\/hu\/wp-json\/wp\/v2\/pages\/1780","targetHints":{"allow":["GET"]}}],"collection":[{"href":"https:\/\/hu.andersen.com\/hu\/wp-json\/wp\/v2\/pages"}],"about":[{"href":"https:\/\/hu.andersen.com\/hu\/wp-json\/wp\/v2\/types\/page"}],"author":[{"embeddable":true,"href":"https:\/\/hu.andersen.com\/hu\/wp-json\/wp\/v2\/users\/2"}],"replies":[{"embeddable":true,"href":"https:\/\/hu.andersen.com\/hu\/wp-json\/wp\/v2\/comments?post=1780"}],"version-history":[{"count":10,"href":"https:\/\/hu.andersen.com\/hu\/wp-json\/wp\/v2\/pages\/1780\/revisions"}],"predecessor-version":[{"id":11821,"href":"https:\/\/hu.andersen.com\/hu\/wp-json\/wp\/v2\/pages\/1780\/revisions\/11821"}],"wp:featuredmedia":[{"embeddable":true,"href":"https:\/\/hu.andersen.com\/hu\/wp-json\/wp\/v2\/media\/5951"}],"wp:attachment":[{"href":"https:\/\/hu.andersen.com\/hu\/wp-json\/wp\/v2\/media?parent=1780"}],"curies":[{"name":"wp","href":"https:\/\/api.w.org\/{rel}","templated":true}]}}